{"id":6323,"date":"2024-06-25T14:56:05","date_gmt":"2024-06-25T12:56:05","guid":{"rendered":"https:\/\/securitypatent.hu\/?page_id=6323"},"modified":"2024-11-05T09:36:47","modified_gmt":"2024-11-05T08:36:47","slug":"nase-prezentacne-materialy","status":"publish","type":"page","link":"https:\/\/securitypatent.hu\/sk\/nase-prezentacne-materialy\/","title":{"rendered":"Na\u0161e prezenta\u010dn\u00e9 materi\u00e1ly"},"content":{"rendered":"<div id=\"pl-6323\"  class=\"panel-layout\" ><div id=\"pg-6323-0\"  class=\"panel-grid panel-has-style\" ><div class=\"panel-row-style panel-row-style-for-6323-0\" ><div id=\"pgc-6323-0-0\"  class=\"panel-grid-cell panel-grid-cell-mobile-last\" ><div id=\"panel-6323-0-0-0\" class=\"widget_text so-panel widget widget_custom_html panel-first-child\" data-index=\"0\" ><div class=\"textwidget custom-html-widget\"><a href=\"https:\/\/www.figma.com\/proto\/NSNTwy1TK8UxBmXb8mFR9q\/Patent?node-id=2590-211278&t=G9Orj5PepV5pGUiO-0&scaling=scale-down-width&page-id=2590%3A211224&starting-point-node-id=2590%3A211278&show-proto-sidebar=1&hotspot-hints=0&disable-default-keyboard-nav=1&hide-ui=1\" target=\"_blank\"><img decoding=\"async\" src=\"\/wp-content\/uploads\/2024\/11\/Prezentacia-zivej-ochrany.jpg\"><\/a><\/div><\/div><div id=\"panel-6323-0-0-1\" class=\"so-panel widget widget_ndm-btn panel-last-child\" data-index=\"1\" ><div\n\t\t\t\n\t\t\tclass=\"so-widget-ndm-btn so-widget-ndm-btn-default-d75171398898-6323\"\n\t\t\t\n\t\t><a href=\"https:\/\/www.figma.com\/proto\/NSNTwy1TK8UxBmXb8mFR9q\/Patent?node-id=2590-211278&t=G9Orj5PepV5pGUiO-0&scaling=scale-down-width&page-id=2590%3A211224&starting-point-node-id=2590%3A211278&show-proto-sidebar=1&hotspot-hints=0&disable-default-keyboard-nav=1&hide-ui=1\" class=\"btn\r\n\t btn--w-icon w-100 btn-primary btn--large\">\r\n\t<span>Prezent\u00e1cia \u017eivej ochrany<\/span>\r\n\t<svg width=\"19\" height=\"16\" viewBox=\"0 0 19 16\" fill=\"none\" xmlns=\"http:\/\/www.w3.org\/2000\/svg\"><path fill-rule=\"evenodd\" clip-rule=\"evenodd\" d=\"M9.79289 0.292893C9.40237 0.683417 9.40237 1.31658 9.79289 1.70711L15.0858 7H1.5C0.947716 7 0.5 7.44772 0.5 8C0.5 8.55228 0.947716 9 1.5 9H15.0858L9.79289 14.2929C9.40237 14.6834 9.40237 15.3166 9.79289 15.7071C10.1834 16.0976 10.8166 16.0976 11.2071 15.7071L18.2071 8.70711C18.5976 8.31658 18.5976 7.68342 18.2071 7.29289L11.2071 0.292893C10.8166 -0.0976311 10.1834 -0.0976311 9.79289 0.292893Z\"><\/path><\/svg><\/a><\/div><\/div><\/div><div id=\"pgc-6323-0-1\"  class=\"panel-grid-cell panel-grid-cell-empty\" ><\/div><\/div><\/div><\/div>","protected":false},"excerpt":{"rendered":"<p>Prezent\u00e1cia \u017eivej ochrany<\/p>\n","protected":false},"author":2,"featured_media":0,"parent":0,"menu_order":0,"comment_status":"closed","ping_status":"closed","template":"","meta":{"_acf_changed":false,"footnotes":""},"class_list":["post-6323","page","type-page","status-publish","hentry"],"acf":[],"yoast_head":"<!-- This site is optimized with the Yoast SEO Premium plugin v26.6 (Yoast SEO v26.6) - https:\/\/yoast.com\/wordpress\/plugins\/seo\/ -->\n<title>Na\u0161e prezenta\u010dn\u00e9 materi\u00e1ly | Patent Csoport<\/title>\n<meta name=\"robots\" content=\"index, follow, max-snippet:-1, max-image-preview:large, max-video-preview:-1\" \/>\n<link rel=\"canonical\" href=\"https:\/\/securitypatent.hu\/sk\/nase-prezentacne-materialy\/\" \/>\n<meta property=\"og:locale\" content=\"sk_SK\" \/>\n<meta property=\"og:type\" content=\"article\" \/>\n<meta property=\"og:title\" content=\"Na\u0161e prezenta\u010dn\u00e9 materi\u00e1ly\" \/>\n<meta property=\"og:description\" content=\"Prezent\u00e1cia \u017eivej ochrany\" \/>\n<meta property=\"og:url\" content=\"https:\/\/securitypatent.hu\/sk\/nase-prezentacne-materialy\/\" \/>\n<meta property=\"og:site_name\" content=\"Patent Csoport\" \/>\n<meta property=\"article:publisher\" content=\"https:\/\/www.facebook.com\/patentbiztonsag\/\" \/>\n<meta property=\"article:modified_time\" content=\"2024-11-05T08:36:47+00:00\" \/>\n<meta property=\"og:image\" content=\"https:\/\/securitypatent.hu\/wp-content\/uploads\/2024\/09\/blue-light-v3-1.png\" \/>\n\t<meta property=\"og:image:width\" content=\"1200\" \/>\n\t<meta property=\"og:image:height\" content=\"336\" \/>\n\t<meta property=\"og:image:type\" content=\"image\/png\" \/>\n<meta name=\"twitter:card\" content=\"summary_large_image\" \/>\n<script type=\"application\/ld+json\" class=\"yoast-schema-graph\">{\"@context\":\"https:\/\/schema.org\",\"@graph\":[{\"@type\":\"WebPage\",\"@id\":\"https:\/\/securitypatent.hu\/sk\/nase-prezentacne-materialy\/\",\"url\":\"https:\/\/securitypatent.hu\/sk\/nase-prezentacne-materialy\/\",\"name\":\"Na\u0161e prezenta\u010dn\u00e9 materi\u00e1ly | Patent Csoport\",\"isPartOf\":{\"@id\":\"https:\/\/securitypatent.hu\/sk\/#website\"},\"datePublished\":\"2024-06-25T12:56:05+00:00\",\"dateModified\":\"2024-11-05T08:36:47+00:00\",\"breadcrumb\":{\"@id\":\"https:\/\/securitypatent.hu\/sk\/nase-prezentacne-materialy\/#breadcrumb\"},\"inLanguage\":\"sk-SK\",\"potentialAction\":[{\"@type\":\"ReadAction\",\"target\":[\"https:\/\/securitypatent.hu\/sk\/nase-prezentacne-materialy\/\"]}]},{\"@type\":\"BreadcrumbList\",\"@id\":\"https:\/\/securitypatent.hu\/sk\/nase-prezentacne-materialy\/#breadcrumb\",\"itemListElement\":[{\"@type\":\"ListItem\",\"position\":1,\"name\":\"Kezd\u0151lap\",\"item\":\"https:\/\/securitypatent.hu\/sk\/\"},{\"@type\":\"ListItem\",\"position\":2,\"name\":\"Na\u0161e prezenta\u010dn\u00e9 materi\u00e1ly\"}]},{\"@type\":\"WebSite\",\"@id\":\"https:\/\/securitypatent.hu\/sk\/#website\",\"url\":\"https:\/\/securitypatent.hu\/sk\/\",\"name\":\"Patent Csoport | A biztons\u00e1g min\u0151s\u00e9ge!\",\"description\":\"A biztons\u00e1g min\u0151s\u00e9ge!\",\"publisher\":{\"@id\":\"https:\/\/securitypatent.hu\/sk\/#organization\"},\"potentialAction\":[{\"@type\":\"SearchAction\",\"target\":{\"@type\":\"EntryPoint\",\"urlTemplate\":\"https:\/\/securitypatent.hu\/sk\/?s={search_term_string}\"},\"query-input\":{\"@type\":\"PropertyValueSpecification\",\"valueRequired\":true,\"valueName\":\"search_term_string\"}}],\"inLanguage\":\"sk-SK\"},{\"@type\":\"Organization\",\"@id\":\"https:\/\/securitypatent.hu\/sk\/#organization\",\"name\":\"Patent Csoport\",\"url\":\"https:\/\/securitypatent.hu\/sk\/\",\"logo\":{\"@type\":\"ImageObject\",\"inLanguage\":\"sk-SK\",\"@id\":\"https:\/\/securitypatent.hu\/sk\/#\/schema\/logo\/image\/\",\"url\":\"https:\/\/securitypatent.hu\/wp-content\/uploads\/2024\/05\/patent-logo-horizontal.svg\",\"contentUrl\":\"https:\/\/securitypatent.hu\/wp-content\/uploads\/2024\/05\/patent-logo-horizontal.svg\",\"caption\":\"Patent Csoport\"},\"image\":{\"@id\":\"https:\/\/securitypatent.hu\/sk\/#\/schema\/logo\/image\/\"},\"sameAs\":[\"https:\/\/www.facebook.com\/patentbiztonsag\/\",\"https:\/\/www.instagram.com\/patentsecurity\/\",\"https:\/\/www.youtube.com\/channel\/UCP8q-KgqeNxwO4GKefQRfTg\"]}]}<\/script>\n<!-- \/ Yoast SEO Premium plugin. -->","yoast_head_json":{"title":"Na\u0161e prezenta\u010dn\u00e9 materi\u00e1ly | Patent Csoport","robots":{"index":"index","follow":"follow","max-snippet":"max-snippet:-1","max-image-preview":"max-image-preview:large","max-video-preview":"max-video-preview:-1"},"canonical":"https:\/\/securitypatent.hu\/sk\/nase-prezentacne-materialy\/","og_locale":"sk_SK","og_type":"article","og_title":"Na\u0161e prezenta\u010dn\u00e9 materi\u00e1ly","og_description":"Prezent\u00e1cia \u017eivej ochrany","og_url":"https:\/\/securitypatent.hu\/sk\/nase-prezentacne-materialy\/","og_site_name":"Patent Csoport","article_publisher":"https:\/\/www.facebook.com\/patentbiztonsag\/","article_modified_time":"2024-11-05T08:36:47+00:00","og_image":[{"width":1200,"height":336,"url":"https:\/\/securitypatent.hu\/wp-content\/uploads\/2024\/09\/blue-light-v3-1.png","type":"image\/png"}],"twitter_card":"summary_large_image","schema":{"@context":"https:\/\/schema.org","@graph":[{"@type":"WebPage","@id":"https:\/\/securitypatent.hu\/sk\/nase-prezentacne-materialy\/","url":"https:\/\/securitypatent.hu\/sk\/nase-prezentacne-materialy\/","name":"Na\u0161e prezenta\u010dn\u00e9 materi\u00e1ly | Patent Csoport","isPartOf":{"@id":"https:\/\/securitypatent.hu\/sk\/#website"},"datePublished":"2024-06-25T12:56:05+00:00","dateModified":"2024-11-05T08:36:47+00:00","breadcrumb":{"@id":"https:\/\/securitypatent.hu\/sk\/nase-prezentacne-materialy\/#breadcrumb"},"inLanguage":"sk-SK","potentialAction":[{"@type":"ReadAction","target":["https:\/\/securitypatent.hu\/sk\/nase-prezentacne-materialy\/"]}]},{"@type":"BreadcrumbList","@id":"https:\/\/securitypatent.hu\/sk\/nase-prezentacne-materialy\/#breadcrumb","itemListElement":[{"@type":"ListItem","position":1,"name":"Kezd\u0151lap","item":"https:\/\/securitypatent.hu\/sk\/"},{"@type":"ListItem","position":2,"name":"Na\u0161e prezenta\u010dn\u00e9 materi\u00e1ly"}]},{"@type":"WebSite","@id":"https:\/\/securitypatent.hu\/sk\/#website","url":"https:\/\/securitypatent.hu\/sk\/","name":"Patent Csoport | A biztons\u00e1g min\u0151s\u00e9ge!","description":"A biztons\u00e1g min\u0151s\u00e9ge!","publisher":{"@id":"https:\/\/securitypatent.hu\/sk\/#organization"},"potentialAction":[{"@type":"SearchAction","target":{"@type":"EntryPoint","urlTemplate":"https:\/\/securitypatent.hu\/sk\/?s={search_term_string}"},"query-input":{"@type":"PropertyValueSpecification","valueRequired":true,"valueName":"search_term_string"}}],"inLanguage":"sk-SK"},{"@type":"Organization","@id":"https:\/\/securitypatent.hu\/sk\/#organization","name":"Patent Csoport","url":"https:\/\/securitypatent.hu\/sk\/","logo":{"@type":"ImageObject","inLanguage":"sk-SK","@id":"https:\/\/securitypatent.hu\/sk\/#\/schema\/logo\/image\/","url":"https:\/\/securitypatent.hu\/wp-content\/uploads\/2024\/05\/patent-logo-horizontal.svg","contentUrl":"https:\/\/securitypatent.hu\/wp-content\/uploads\/2024\/05\/patent-logo-horizontal.svg","caption":"Patent Csoport"},"image":{"@id":"https:\/\/securitypatent.hu\/sk\/#\/schema\/logo\/image\/"},"sameAs":["https:\/\/www.facebook.com\/patentbiztonsag\/","https:\/\/www.instagram.com\/patentsecurity\/","https:\/\/www.youtube.com\/channel\/UCP8q-KgqeNxwO4GKefQRfTg"]}]}},"_links":{"self":[{"href":"https:\/\/securitypatent.hu\/sk\/wp-json\/wp\/v2\/pages\/6323","targetHints":{"allow":["GET"]}}],"collection":[{"href":"https:\/\/securitypatent.hu\/sk\/wp-json\/wp\/v2\/pages"}],"about":[{"href":"https:\/\/securitypatent.hu\/sk\/wp-json\/wp\/v2\/types\/page"}],"author":[{"embeddable":true,"href":"https:\/\/securitypatent.hu\/sk\/wp-json\/wp\/v2\/users\/2"}],"replies":[{"embeddable":true,"href":"https:\/\/securitypatent.hu\/sk\/wp-json\/wp\/v2\/comments?post=6323"}],"version-history":[{"count":0,"href":"https:\/\/securitypatent.hu\/sk\/wp-json\/wp\/v2\/pages\/6323\/revisions"}],"wp:attachment":[{"href":"https:\/\/securitypatent.hu\/sk\/wp-json\/wp\/v2\/media?parent=6323"}],"curies":[{"name":"wp","href":"https:\/\/api.w.org\/{rel}","templated":true}]}}