{"id":6321,"date":"2024-06-05T10:04:17","date_gmt":"2024-06-05T08:04:17","guid":{"rendered":"https:\/\/securitypatent.hu\/?page_id=6321"},"modified":"2024-10-28T11:51:48","modified_gmt":"2024-10-28T10:51:48","slug":"medialne-materialy","status":"publish","type":"page","link":"https:\/\/securitypatent.hu\/sk\/medialne-materialy\/","title":{"rendered":"Medi\u00e1lne materi\u00e1ly"},"content":{"rendered":"<div id=\"pl-6321\"  class=\"panel-layout\" ><div id=\"pg-6321-0\"  class=\"panel-grid panel-no-style\" ><div id=\"pgc-6321-0-0\"  class=\"panel-grid-cell\" ><div id=\"panel-6321-0-0-0\" class=\"so-panel widget widget_ndm-media panel-first-child panel-last-child\" data-index=\"0\" ><div\n\t\t\t\n\t\t\tclass=\"so-widget-ndm-media so-widget-ndm-media-default-d75171398898-6321\"\n\t\t\t\n\t\t>    <div class=\"ptnt-media-files\">\r\n                                <div class=\"ptnt-media-file d-flex flex-column flex-lg-row justify-content-between\">\r\n                <div class=\"ptnt-media-file__content\">\r\n\t\t\t\t\t<div style=\"align-self: center;\">\r\n                    <a href=\"https:\/\/securitypatent.hu\/wp-content\/uploads\/2024\/09\/blue-light-v3-1.png\"  target=\"_blank\" ><img decoding=\"async\" class=\"mb-2\" src=\"https:\/\/securitypatent.hu\/wp-content\/uploads\/2024\/09\/blue-light-v3-1.png\" alt=\"Fekv\u0151 log\u00f3 vil\u00e1gos h\u00e1tt\u00e9rre, szlogenes\"><\/a>\r\n\t\t\t\t\t<\/div>\r\n                    <h5 class=\"text-lightblue d-flex align-items-center mb-1\">\r\n                        <a href=\"https:\/\/securitypatent.hu\/wp-content\/uploads\/2024\/09\/blue-light-v3-1.png\" target=\"_blank\">Fekv\u0151 log\u00f3 vil\u00e1gos h\u00e1tt\u00e9rre, szlogenes<\/a>\r\n                    <\/h5>\r\n                    <div class=\"ptnt-media-file__meta\">\r\n                                                <p class=\"mb-2\"><strong>F\u00e1jl m\u00e9rete: <\/strong> 10 KB<\/p>\r\n                    <\/div>\r\n                    <a href=\"https:\/\/securitypatent.hu\/wp-content\/uploads\/2024\/09\/blue-light-v3-1.png\" class=\"ptnt-media-file__btn mt-auto\" download>\r\n                        <svg class=\"me-1\" width=\"24\" height=\"24\" viewBox=\"0 0 24 24\" fill=\"none\" xmlns=\"http:\/\/www.w3.org\/2000\/svg\">\r\n                            <path d=\"M13 3C13 2.44772 12.5523 2 12 2C11.4477 2 11 2.44772 11 3L11 14.5858L7.70711 11.2929C7.31658 10.9024 6.68342 10.9024 6.29289 11.2929C5.90237 11.6834 5.90237 12.3166 6.29289 12.7071L11.2929 17.7071C11.6834 18.0976 12.3166 18.0976 12.7071 17.7071L17.7071 12.7071C18.0976 12.3166 18.0976 11.6834 17.7071 11.2929C17.3166 10.9024 16.6834 10.9024 16.2929 11.2929L13 14.5858L13 3Z\" fill=\"white\" \/>\r\n                            <path d=\"M5 20C4.44772 20 4 20.4477 4 21C4 21.5523 4.44772 22 5 22L19 22C19.5523 22 20 21.5523 20 21C20 20.4477 19.5523 20 19 20L5 20Z\" fill=\"white\" \/>\r\n                        <\/svg>\r\n                        Let\u00f6lt\u00e9s                    <\/a>\r\n                <\/div>\r\n            <\/div>\r\n                                <div class=\"ptnt-media-file d-flex flex-column flex-lg-row justify-content-between\">\r\n                <div class=\"ptnt-media-file__content\">\r\n\t\t\t\t\t<div style=\"align-self: center;\">\r\n                    <a href=\"https:\/\/securitypatent.hu\/wp-content\/uploads\/2024\/09\/blue-light-v2-1.png\"  target=\"_blank\" ><img decoding=\"async\" class=\"mb-2\" src=\"https:\/\/securitypatent.hu\/wp-content\/uploads\/2024\/09\/blue-light-v2-1.png\" alt=\"\u00c1ll\u00f3 log\u00f3 vil\u00e1gos h\u00e1tt\u00e9rre\"><\/a>\r\n\t\t\t\t\t<\/div>\r\n                    <h5 class=\"text-lightblue d-flex align-items-center mb-1\">\r\n                        <a href=\"https:\/\/securitypatent.hu\/wp-content\/uploads\/2024\/09\/blue-light-v2-1.png\" target=\"_blank\">\u00c1ll\u00f3 log\u00f3 vil\u00e1gos h\u00e1tt\u00e9rre<\/a>\r\n                    <\/h5>\r\n                    <div class=\"ptnt-media-file__meta\">\r\n                                                <p class=\"mb-2\"><strong>F\u00e1jl m\u00e9rete: <\/strong> 14 KB<\/p>\r\n                    <\/div>\r\n                    <a href=\"https:\/\/securitypatent.hu\/wp-content\/uploads\/2024\/09\/blue-light-v2-1.png\" class=\"ptnt-media-file__btn mt-auto\" download>\r\n                        <svg class=\"me-1\" width=\"24\" height=\"24\" viewBox=\"0 0 24 24\" fill=\"none\" xmlns=\"http:\/\/www.w3.org\/2000\/svg\">\r\n                            <path d=\"M13 3C13 2.44772 12.5523 2 12 2C11.4477 2 11 2.44772 11 3L11 14.5858L7.70711 11.2929C7.31658 10.9024 6.68342 10.9024 6.29289 11.2929C5.90237 11.6834 5.90237 12.3166 6.29289 12.7071L11.2929 17.7071C11.6834 18.0976 12.3166 18.0976 12.7071 17.7071L17.7071 12.7071C18.0976 12.3166 18.0976 11.6834 17.7071 11.2929C17.3166 10.9024 16.6834 10.9024 16.2929 11.2929L13 14.5858L13 3Z\" fill=\"white\" \/>\r\n                            <path d=\"M5 20C4.44772 20 4 20.4477 4 21C4 21.5523 4.44772 22 5 22L19 22C19.5523 22 20 21.5523 20 21C20 20.4477 19.5523 20 19 20L5 20Z\" fill=\"white\" \/>\r\n                        <\/svg>\r\n                        Let\u00f6lt\u00e9s                    <\/a>\r\n                <\/div>\r\n            <\/div>\r\n                                <div class=\"ptnt-media-file d-flex flex-column flex-lg-row justify-content-between\">\r\n                <div class=\"ptnt-media-file__content\">\r\n\t\t\t\t\t<div style=\"align-self: center;\">\r\n                    <a href=\"https:\/\/securitypatent.hu\/wp-content\/uploads\/2024\/09\/blue-light-1.png\"  target=\"_blank\" ><img decoding=\"async\" class=\"mb-2\" src=\"https:\/\/securitypatent.hu\/wp-content\/uploads\/2024\/09\/blue-light-1.png\" alt=\"Fekv\u0151 log\u00f3 vil\u00e1gos h\u00e1tt\u00e9rre\"><\/a>\r\n\t\t\t\t\t<\/div>\r\n                    <h5 class=\"text-lightblue d-flex align-items-center mb-1\">\r\n                        <a href=\"https:\/\/securitypatent.hu\/wp-content\/uploads\/2024\/09\/blue-light-1.png\" target=\"_blank\">Fekv\u0151 log\u00f3 vil\u00e1gos h\u00e1tt\u00e9rre<\/a>\r\n                    <\/h5>\r\n                    <div class=\"ptnt-media-file__meta\">\r\n                                                <p class=\"mb-2\"><strong>F\u00e1jl m\u00e9rete: <\/strong> 6 KB<\/p>\r\n                    <\/div>\r\n                    <a href=\"https:\/\/securitypatent.hu\/wp-content\/uploads\/2024\/09\/blue-light-1.png\" class=\"ptnt-media-file__btn mt-auto\" download>\r\n                        <svg class=\"me-1\" width=\"24\" height=\"24\" viewBox=\"0 0 24 24\" fill=\"none\" xmlns=\"http:\/\/www.w3.org\/2000\/svg\">\r\n                            <path d=\"M13 3C13 2.44772 12.5523 2 12 2C11.4477 2 11 2.44772 11 3L11 14.5858L7.70711 11.2929C7.31658 10.9024 6.68342 10.9024 6.29289 11.2929C5.90237 11.6834 5.90237 12.3166 6.29289 12.7071L11.2929 17.7071C11.6834 18.0976 12.3166 18.0976 12.7071 17.7071L17.7071 12.7071C18.0976 12.3166 18.0976 11.6834 17.7071 11.2929C17.3166 10.9024 16.6834 10.9024 16.2929 11.2929L13 14.5858L13 3Z\" fill=\"white\" \/>\r\n                            <path d=\"M5 20C4.44772 20 4 20.4477 4 21C4 21.5523 4.44772 22 5 22L19 22C19.5523 22 20 21.5523 20 21C20 20.4477 19.5523 20 19 20L5 20Z\" fill=\"white\" \/>\r\n                        <\/svg>\r\n                        Let\u00f6lt\u00e9s                    <\/a>\r\n                <\/div>\r\n            <\/div>\r\n                                <div class=\"ptnt-media-file d-flex flex-column flex-lg-row justify-content-between\">\r\n                <div class=\"ptnt-media-file__content\">\r\n\t\t\t\t\t<div style=\"align-self: center;\">\r\n                    <a href=\"https:\/\/securitypatent.hu\/wp-content\/uploads\/2024\/09\/blue-dark-v3-1.png\"  target=\"_blank\" ><img decoding=\"async\" class=\"mb-2\" src=\"https:\/\/securitypatent.hu\/wp-content\/uploads\/2024\/09\/blue-dark-v3-1.png\" alt=\"Fekv\u0151 log\u00f3 s\u00f6t\u00e9t h\u00e1tt\u00e9rre, szlogenes\"><\/a>\r\n\t\t\t\t\t<\/div>\r\n                    <h5 class=\"text-lightblue d-flex align-items-center mb-1\">\r\n                        <a href=\"https:\/\/securitypatent.hu\/wp-content\/uploads\/2024\/09\/blue-dark-v3-1.png\" target=\"_blank\">Fekv\u0151 log\u00f3 s\u00f6t\u00e9t h\u00e1tt\u00e9rre, szlogenes<\/a>\r\n                    <\/h5>\r\n                    <div class=\"ptnt-media-file__meta\">\r\n                                                <p class=\"mb-2\"><strong>F\u00e1jl m\u00e9rete: <\/strong> 9 KB<\/p>\r\n                    <\/div>\r\n                    <a href=\"https:\/\/securitypatent.hu\/wp-content\/uploads\/2024\/09\/blue-dark-v3-1.png\" class=\"ptnt-media-file__btn mt-auto\" download>\r\n                        <svg class=\"me-1\" width=\"24\" height=\"24\" viewBox=\"0 0 24 24\" fill=\"none\" xmlns=\"http:\/\/www.w3.org\/2000\/svg\">\r\n                            <path d=\"M13 3C13 2.44772 12.5523 2 12 2C11.4477 2 11 2.44772 11 3L11 14.5858L7.70711 11.2929C7.31658 10.9024 6.68342 10.9024 6.29289 11.2929C5.90237 11.6834 5.90237 12.3166 6.29289 12.7071L11.2929 17.7071C11.6834 18.0976 12.3166 18.0976 12.7071 17.7071L17.7071 12.7071C18.0976 12.3166 18.0976 11.6834 17.7071 11.2929C17.3166 10.9024 16.6834 10.9024 16.2929 11.2929L13 14.5858L13 3Z\" fill=\"white\" \/>\r\n                            <path d=\"M5 20C4.44772 20 4 20.4477 4 21C4 21.5523 4.44772 22 5 22L19 22C19.5523 22 20 21.5523 20 21C20 20.4477 19.5523 20 19 20L5 20Z\" fill=\"white\" \/>\r\n                        <\/svg>\r\n                        Let\u00f6lt\u00e9s                    <\/a>\r\n                <\/div>\r\n            <\/div>\r\n                                <div class=\"ptnt-media-file d-flex flex-column flex-lg-row justify-content-between\">\r\n                <div class=\"ptnt-media-file__content\">\r\n\t\t\t\t\t<div style=\"align-self: center;\">\r\n                    <a href=\"https:\/\/securitypatent.hu\/wp-content\/uploads\/2024\/09\/blue-dark-v2-1.png\"  target=\"_blank\" ><img decoding=\"async\" class=\"mb-2\" src=\"https:\/\/securitypatent.hu\/wp-content\/uploads\/2024\/09\/blue-dark-v2-1.png\" alt=\"\u00c1ll\u00f3 log\u00f3 s\u00f6t\u00e9t h\u00e1tt\u00e9rre\"><\/a>\r\n\t\t\t\t\t<\/div>\r\n                    <h5 class=\"text-lightblue d-flex align-items-center mb-1\">\r\n                        <a href=\"https:\/\/securitypatent.hu\/wp-content\/uploads\/2024\/09\/blue-dark-v2-1.png\" target=\"_blank\">\u00c1ll\u00f3 log\u00f3 s\u00f6t\u00e9t h\u00e1tt\u00e9rre<\/a>\r\n                    <\/h5>\r\n                    <div class=\"ptnt-media-file__meta\">\r\n                                                <p class=\"mb-2\"><strong>F\u00e1jl m\u00e9rete: <\/strong> 15 KB<\/p>\r\n                    <\/div>\r\n                    <a href=\"https:\/\/securitypatent.hu\/wp-content\/uploads\/2024\/09\/blue-dark-v2-1.png\" class=\"ptnt-media-file__btn mt-auto\" download>\r\n                        <svg class=\"me-1\" width=\"24\" height=\"24\" viewBox=\"0 0 24 24\" fill=\"none\" xmlns=\"http:\/\/www.w3.org\/2000\/svg\">\r\n                            <path d=\"M13 3C13 2.44772 12.5523 2 12 2C11.4477 2 11 2.44772 11 3L11 14.5858L7.70711 11.2929C7.31658 10.9024 6.68342 10.9024 6.29289 11.2929C5.90237 11.6834 5.90237 12.3166 6.29289 12.7071L11.2929 17.7071C11.6834 18.0976 12.3166 18.0976 12.7071 17.7071L17.7071 12.7071C18.0976 12.3166 18.0976 11.6834 17.7071 11.2929C17.3166 10.9024 16.6834 10.9024 16.2929 11.2929L13 14.5858L13 3Z\" fill=\"white\" \/>\r\n                            <path d=\"M5 20C4.44772 20 4 20.4477 4 21C4 21.5523 4.44772 22 5 22L19 22C19.5523 22 20 21.5523 20 21C20 20.4477 19.5523 20 19 20L5 20Z\" fill=\"white\" \/>\r\n                        <\/svg>\r\n                        Let\u00f6lt\u00e9s                    <\/a>\r\n                <\/div>\r\n            <\/div>\r\n                                <div class=\"ptnt-media-file d-flex flex-column flex-lg-row justify-content-between\">\r\n                <div class=\"ptnt-media-file__content\">\r\n\t\t\t\t\t<div style=\"align-self: center;\">\r\n                    <a href=\"https:\/\/securitypatent.hu\/wp-content\/uploads\/2024\/09\/blue-dark-3.png\"  target=\"_blank\" ><img decoding=\"async\" class=\"mb-2\" src=\"https:\/\/securitypatent.hu\/wp-content\/uploads\/2024\/09\/blue-dark-3.png\" alt=\"Fekv\u0151 log\u00f3 s\u00f6t\u00e9t h\u00e1tt\u00e9rre\"><\/a>\r\n\t\t\t\t\t<\/div>\r\n                    <h5 class=\"text-lightblue d-flex align-items-center mb-1\">\r\n                        <a href=\"https:\/\/securitypatent.hu\/wp-content\/uploads\/2024\/09\/blue-dark-3.png\" target=\"_blank\">Fekv\u0151 log\u00f3 s\u00f6t\u00e9t h\u00e1tt\u00e9rre<\/a>\r\n                    <\/h5>\r\n                    <div class=\"ptnt-media-file__meta\">\r\n                                                <p class=\"mb-2\"><strong>F\u00e1jl m\u00e9rete: <\/strong> 6 KB<\/p>\r\n                    <\/div>\r\n                    <a href=\"https:\/\/securitypatent.hu\/wp-content\/uploads\/2024\/09\/blue-dark-3.png\" class=\"ptnt-media-file__btn mt-auto\" download>\r\n                        <svg class=\"me-1\" width=\"24\" height=\"24\" viewBox=\"0 0 24 24\" fill=\"none\" xmlns=\"http:\/\/www.w3.org\/2000\/svg\">\r\n                            <path d=\"M13 3C13 2.44772 12.5523 2 12 2C11.4477 2 11 2.44772 11 3L11 14.5858L7.70711 11.2929C7.31658 10.9024 6.68342 10.9024 6.29289 11.2929C5.90237 11.6834 5.90237 12.3166 6.29289 12.7071L11.2929 17.7071C11.6834 18.0976 12.3166 18.0976 12.7071 17.7071L17.7071 12.7071C18.0976 12.3166 18.0976 11.6834 17.7071 11.2929C17.3166 10.9024 16.6834 10.9024 16.2929 11.2929L13 14.5858L13 3Z\" fill=\"white\" \/>\r\n                            <path d=\"M5 20C4.44772 20 4 20.4477 4 21C4 21.5523 4.44772 22 5 22L19 22C19.5523 22 20 21.5523 20 21C20 20.4477 19.5523 20 19 20L5 20Z\" fill=\"white\" \/>\r\n                        <\/svg>\r\n                        Let\u00f6lt\u00e9s                    <\/a>\r\n                <\/div>\r\n            <\/div>\r\n            <\/div>\r\n<\/div><\/div><\/div><\/div><\/div>","protected":false},"excerpt":{"rendered":"<p>Fekv\u0151 log\u00f3 vil\u00e1gos h\u00e1tt\u00e9rre, szlogenes F\u00e1jl m\u00e9rete: 10 KB Let\u00f6lt\u00e9s \u00c1ll\u00f3 log\u00f3 vil\u00e1gos h\u00e1tt\u00e9rre F\u00e1jl m\u00e9rete:&#8230;<\/p>\n","protected":false},"author":2,"featured_media":0,"parent":0,"menu_order":13,"comment_status":"closed","ping_status":"closed","template":"","meta":{"_acf_changed":false,"footnotes":""},"class_list":["post-6321","page","type-page","status-publish","hentry"],"acf":[],"yoast_head":"<!-- This site is optimized with the Yoast SEO Premium plugin v26.6 (Yoast SEO v26.6) - https:\/\/yoast.com\/wordpress\/plugins\/seo\/ -->\n<title>Medi\u00e1lne materi\u00e1ly | Patent Csoport<\/title>\n<meta name=\"robots\" content=\"index, follow, max-snippet:-1, max-image-preview:large, max-video-preview:-1\" \/>\n<link rel=\"canonical\" href=\"https:\/\/securitypatent.hu\/sk\/medialne-materialy\/\" \/>\n<meta property=\"og:locale\" content=\"sk_SK\" \/>\n<meta property=\"og:type\" content=\"article\" \/>\n<meta property=\"og:title\" content=\"Medi\u00e1lne materi\u00e1ly\" \/>\n<meta property=\"og:description\" content=\"Fekv\u0151 log\u00f3 vil\u00e1gos h\u00e1tt\u00e9rre, szlogenes F\u00e1jl m\u00e9rete: 10 KB Let\u00f6lt\u00e9s \u00c1ll\u00f3 log\u00f3 vil\u00e1gos h\u00e1tt\u00e9rre F\u00e1jl m\u00e9rete:...\" \/>\n<meta property=\"og:url\" content=\"https:\/\/securitypatent.hu\/sk\/medialne-materialy\/\" \/>\n<meta property=\"og:site_name\" content=\"Patent Csoport\" \/>\n<meta property=\"article:publisher\" content=\"https:\/\/www.facebook.com\/patentbiztonsag\/\" \/>\n<meta property=\"article:modified_time\" content=\"2024-10-28T10:51:48+00:00\" \/>\n<meta property=\"og:image\" content=\"https:\/\/securitypatent.hu\/wp-content\/uploads\/2024\/09\/blue-light-v3-1.png\" \/>\n\t<meta property=\"og:image:width\" content=\"1200\" \/>\n\t<meta property=\"og:image:height\" content=\"336\" \/>\n\t<meta property=\"og:image:type\" content=\"image\/png\" \/>\n<meta name=\"twitter:card\" content=\"summary_large_image\" \/>\n<script type=\"application\/ld+json\" class=\"yoast-schema-graph\">{\"@context\":\"https:\/\/schema.org\",\"@graph\":[{\"@type\":\"WebPage\",\"@id\":\"https:\/\/securitypatent.hu\/sk\/medialne-materialy\/\",\"url\":\"https:\/\/securitypatent.hu\/sk\/medialne-materialy\/\",\"name\":\"Medi\u00e1lne materi\u00e1ly | Patent Csoport\",\"isPartOf\":{\"@id\":\"https:\/\/securitypatent.hu\/sk\/#website\"},\"datePublished\":\"2024-06-05T08:04:17+00:00\",\"dateModified\":\"2024-10-28T10:51:48+00:00\",\"breadcrumb\":{\"@id\":\"https:\/\/securitypatent.hu\/sk\/medialne-materialy\/#breadcrumb\"},\"inLanguage\":\"sk-SK\",\"potentialAction\":[{\"@type\":\"ReadAction\",\"target\":[\"https:\/\/securitypatent.hu\/sk\/medialne-materialy\/\"]}]},{\"@type\":\"BreadcrumbList\",\"@id\":\"https:\/\/securitypatent.hu\/sk\/medialne-materialy\/#breadcrumb\",\"itemListElement\":[{\"@type\":\"ListItem\",\"position\":1,\"name\":\"Kezd\u0151lap\",\"item\":\"https:\/\/securitypatent.hu\/sk\/\"},{\"@type\":\"ListItem\",\"position\":2,\"name\":\"Medi\u00e1lne materi\u00e1ly\"}]},{\"@type\":\"WebSite\",\"@id\":\"https:\/\/securitypatent.hu\/sk\/#website\",\"url\":\"https:\/\/securitypatent.hu\/sk\/\",\"name\":\"Patent Csoport | A biztons\u00e1g min\u0151s\u00e9ge!\",\"description\":\"A biztons\u00e1g min\u0151s\u00e9ge!\",\"publisher\":{\"@id\":\"https:\/\/securitypatent.hu\/sk\/#organization\"},\"potentialAction\":[{\"@type\":\"SearchAction\",\"target\":{\"@type\":\"EntryPoint\",\"urlTemplate\":\"https:\/\/securitypatent.hu\/sk\/?s={search_term_string}\"},\"query-input\":{\"@type\":\"PropertyValueSpecification\",\"valueRequired\":true,\"valueName\":\"search_term_string\"}}],\"inLanguage\":\"sk-SK\"},{\"@type\":\"Organization\",\"@id\":\"https:\/\/securitypatent.hu\/sk\/#organization\",\"name\":\"Patent Csoport\",\"url\":\"https:\/\/securitypatent.hu\/sk\/\",\"logo\":{\"@type\":\"ImageObject\",\"inLanguage\":\"sk-SK\",\"@id\":\"https:\/\/securitypatent.hu\/sk\/#\/schema\/logo\/image\/\",\"url\":\"https:\/\/securitypatent.hu\/wp-content\/uploads\/2024\/05\/patent-logo-horizontal.svg\",\"contentUrl\":\"https:\/\/securitypatent.hu\/wp-content\/uploads\/2024\/05\/patent-logo-horizontal.svg\",\"caption\":\"Patent Csoport\"},\"image\":{\"@id\":\"https:\/\/securitypatent.hu\/sk\/#\/schema\/logo\/image\/\"},\"sameAs\":[\"https:\/\/www.facebook.com\/patentbiztonsag\/\",\"https:\/\/www.instagram.com\/patentsecurity\/\",\"https:\/\/www.youtube.com\/channel\/UCP8q-KgqeNxwO4GKefQRfTg\"]}]}<\/script>\n<!-- \/ Yoast SEO Premium plugin. -->","yoast_head_json":{"title":"Medi\u00e1lne materi\u00e1ly | Patent Csoport","robots":{"index":"index","follow":"follow","max-snippet":"max-snippet:-1","max-image-preview":"max-image-preview:large","max-video-preview":"max-video-preview:-1"},"canonical":"https:\/\/securitypatent.hu\/sk\/medialne-materialy\/","og_locale":"sk_SK","og_type":"article","og_title":"Medi\u00e1lne materi\u00e1ly","og_description":"Fekv\u0151 log\u00f3 vil\u00e1gos h\u00e1tt\u00e9rre, szlogenes F\u00e1jl m\u00e9rete: 10 KB Let\u00f6lt\u00e9s \u00c1ll\u00f3 log\u00f3 vil\u00e1gos h\u00e1tt\u00e9rre F\u00e1jl m\u00e9rete:...","og_url":"https:\/\/securitypatent.hu\/sk\/medialne-materialy\/","og_site_name":"Patent Csoport","article_publisher":"https:\/\/www.facebook.com\/patentbiztonsag\/","article_modified_time":"2024-10-28T10:51:48+00:00","og_image":[{"width":1200,"height":336,"url":"https:\/\/securitypatent.hu\/wp-content\/uploads\/2024\/09\/blue-light-v3-1.png","type":"image\/png"}],"twitter_card":"summary_large_image","schema":{"@context":"https:\/\/schema.org","@graph":[{"@type":"WebPage","@id":"https:\/\/securitypatent.hu\/sk\/medialne-materialy\/","url":"https:\/\/securitypatent.hu\/sk\/medialne-materialy\/","name":"Medi\u00e1lne materi\u00e1ly | Patent Csoport","isPartOf":{"@id":"https:\/\/securitypatent.hu\/sk\/#website"},"datePublished":"2024-06-05T08:04:17+00:00","dateModified":"2024-10-28T10:51:48+00:00","breadcrumb":{"@id":"https:\/\/securitypatent.hu\/sk\/medialne-materialy\/#breadcrumb"},"inLanguage":"sk-SK","potentialAction":[{"@type":"ReadAction","target":["https:\/\/securitypatent.hu\/sk\/medialne-materialy\/"]}]},{"@type":"BreadcrumbList","@id":"https:\/\/securitypatent.hu\/sk\/medialne-materialy\/#breadcrumb","itemListElement":[{"@type":"ListItem","position":1,"name":"Kezd\u0151lap","item":"https:\/\/securitypatent.hu\/sk\/"},{"@type":"ListItem","position":2,"name":"Medi\u00e1lne materi\u00e1ly"}]},{"@type":"WebSite","@id":"https:\/\/securitypatent.hu\/sk\/#website","url":"https:\/\/securitypatent.hu\/sk\/","name":"Patent Csoport | A biztons\u00e1g min\u0151s\u00e9ge!","description":"A biztons\u00e1g min\u0151s\u00e9ge!","publisher":{"@id":"https:\/\/securitypatent.hu\/sk\/#organization"},"potentialAction":[{"@type":"SearchAction","target":{"@type":"EntryPoint","urlTemplate":"https:\/\/securitypatent.hu\/sk\/?s={search_term_string}"},"query-input":{"@type":"PropertyValueSpecification","valueRequired":true,"valueName":"search_term_string"}}],"inLanguage":"sk-SK"},{"@type":"Organization","@id":"https:\/\/securitypatent.hu\/sk\/#organization","name":"Patent Csoport","url":"https:\/\/securitypatent.hu\/sk\/","logo":{"@type":"ImageObject","inLanguage":"sk-SK","@id":"https:\/\/securitypatent.hu\/sk\/#\/schema\/logo\/image\/","url":"https:\/\/securitypatent.hu\/wp-content\/uploads\/2024\/05\/patent-logo-horizontal.svg","contentUrl":"https:\/\/securitypatent.hu\/wp-content\/uploads\/2024\/05\/patent-logo-horizontal.svg","caption":"Patent Csoport"},"image":{"@id":"https:\/\/securitypatent.hu\/sk\/#\/schema\/logo\/image\/"},"sameAs":["https:\/\/www.facebook.com\/patentbiztonsag\/","https:\/\/www.instagram.com\/patentsecurity\/","https:\/\/www.youtube.com\/channel\/UCP8q-KgqeNxwO4GKefQRfTg"]}]}},"_links":{"self":[{"href":"https:\/\/securitypatent.hu\/sk\/wp-json\/wp\/v2\/pages\/6321","targetHints":{"allow":["GET"]}}],"collection":[{"href":"https:\/\/securitypatent.hu\/sk\/wp-json\/wp\/v2\/pages"}],"about":[{"href":"https:\/\/securitypatent.hu\/sk\/wp-json\/wp\/v2\/types\/page"}],"author":[{"embeddable":true,"href":"https:\/\/securitypatent.hu\/sk\/wp-json\/wp\/v2\/users\/2"}],"replies":[{"embeddable":true,"href":"https:\/\/securitypatent.hu\/sk\/wp-json\/wp\/v2\/comments?post=6321"}],"version-history":[{"count":0,"href":"https:\/\/securitypatent.hu\/sk\/wp-json\/wp\/v2\/pages\/6321\/revisions"}],"wp:attachment":[{"href":"https:\/\/securitypatent.hu\/sk\/wp-json\/wp\/v2\/media?parent=6321"}],"curies":[{"name":"wp","href":"https:\/\/api.w.org\/{rel}","templated":true}]}}