{"id":6299,"date":"2024-08-08T15:25:36","date_gmt":"2024-08-08T13:25:36","guid":{"rendered":"https:\/\/securitypatent.hu\/?page_id=6299"},"modified":"2024-10-28T10:58:52","modified_gmt":"2024-10-28T09:58:52","slug":"ziva-ochrana","status":"publish","type":"page","link":"https:\/\/securitypatent.hu\/sk\/ziva-ochrana\/","title":{"rendered":"\u017div\u00e1 ochrana"},"content":{"rendered":"<div id=\"pl-6299\"  class=\"panel-layout\" ><div id=\"pg-6299-0\"  class=\"panel-grid panel-no-style\" ><div id=\"pgc-6299-0-0\"  class=\"panel-grid-cell\" ><div class=\"ptnt-content__block panel-cell-style panel-cell-style-for-6299-0-0\" ><div id=\"panel-6299-0-0-0\" class=\"so-panel widget widget_sow-editor panel-first-child panel-last-child\" data-index=\"0\" ><div\n\t\t\t\n\t\t\tclass=\"so-widget-sow-editor so-widget-sow-editor-base\"\n\t\t\t\n\t\t>\n<div class=\"siteorigin-widget-tinymce textwidget\">\n\t<p>&nbsp;<\/p>\n<h3>Ochrana s vyu\u017eit\u00edm \u017eiv\u00fdch pracovn\u00edkov<\/h3>\n<p>&nbsp;<\/p>\n<p>Patent poskytuje profesion\u00e1lnu ochranu pre tov\u00e1rne, prev\u00e1dzky a podujatia s modern\u00fdmi technol\u00f3giami a vy\u0161kolen\u00fdmi str\u00e1\u017enikmi.<\/p>\n<p>&nbsp;<\/p>\n<h4>Technologick\u00e1 podpora<\/h4>\n<ul>\n<li>Poplachov\u00e9 syst\u00e9my, kamery, pr\u00edstupov\u00e9 jednotky, rozpozn\u00e1vanie tv\u00e1r\u00ed\n<\/li>\n<li>Drony a umel\u00e1 inteligencia pre automatick\u00fd doh\u013ead<\/li>\n<\/ul>\n<h4>Neust\u00e1le vzdel\u00e1vanie<\/h4>\n<ul>\n<li>Na\u0161i str\u00e1\u017enici neust\u00e1le absolvuj\u00fa e-learningov\u00e9 \u0161kolenia pre aktu\u00e1lne bezpe\u010dnostn\u00e9 rie\u0161enia.<\/li>\n<\/ul>\n<h4>Pr\u00edstupov\u00e9 a recep\u010dn\u00e9 slu\u017eby<\/h4>\n<ul>\n<li>Modern\u00e9 pr\u00edstupov\u00e9 syst\u00e9my a profesion\u00e1lny recep\u010dn\u00fd person\u00e1l pre plynul\u00fa prev\u00e1dzku.<\/li>\n<\/ul>\n<\/div>\n<\/div><\/div><\/div><\/div><div id=\"pgc-6299-0-1\"  class=\"panel-grid-cell\" ><div id=\"panel-6299-0-1-0\" class=\"so-panel widget widget_ndm-img-banner panel-first-child panel-last-child\" data-index=\"1\" ><div\n\t\t\t\n\t\t\tclass=\"so-widget-ndm-img-banner so-widget-ndm-img-banner-default-d75171398898-6299\"\n\t\t\t\n\t\t><div class=\"ptnt-ib__img\"><img decoding=\"async\" src=\"https:\/\/securitypatent.hu\/wp-content\/uploads\/2024\/10\/patent-eloero-1.jpg\"title=\"\u017div\u00e1 ochrana\" ><\/div><\/div><\/div><\/div><\/div><\/div>","protected":false},"excerpt":{"rendered":"<p>&nbsp; Ochrana s vyu\u017eit\u00edm \u017eiv\u00fdch pracovn\u00edkov &nbsp; Patent poskytuje profesion\u00e1lnu ochranu pre tov\u00e1rne, prev\u00e1dzky a podujatia&#8230;<\/p>\n","protected":false},"author":2,"featured_media":0,"parent":0,"menu_order":0,"comment_status":"closed","ping_status":"closed","template":"page-eloero.php","meta":{"_acf_changed":false,"footnotes":""},"class_list":["post-6299","page","type-page","status-publish","hentry"],"acf":[],"yoast_head":"<!-- This site is optimized with the Yoast SEO Premium plugin v26.6 (Yoast SEO v26.6) - https:\/\/yoast.com\/wordpress\/plugins\/seo\/ -->\n<title>\u017div\u00e1 ochrana | Patent Csoport<\/title>\n<meta name=\"robots\" content=\"index, follow, max-snippet:-1, max-image-preview:large, max-video-preview:-1\" \/>\n<link rel=\"canonical\" href=\"https:\/\/securitypatent.hu\/sk\/ziva-ochrana\/\" \/>\n<meta property=\"og:locale\" content=\"sk_SK\" \/>\n<meta property=\"og:type\" content=\"article\" \/>\n<meta property=\"og:title\" content=\"\u017div\u00e1 ochrana\" \/>\n<meta property=\"og:description\" content=\"&nbsp; Ochrana s vyu\u017eit\u00edm \u017eiv\u00fdch pracovn\u00edkov &nbsp; Patent poskytuje profesion\u00e1lnu ochranu pre tov\u00e1rne, prev\u00e1dzky a podujatia...\" \/>\n<meta property=\"og:url\" content=\"https:\/\/securitypatent.hu\/sk\/ziva-ochrana\/\" \/>\n<meta property=\"og:site_name\" content=\"Patent Csoport\" \/>\n<meta property=\"article:publisher\" content=\"https:\/\/www.facebook.com\/patentbiztonsag\/\" \/>\n<meta property=\"article:modified_time\" content=\"2024-10-28T09:58:52+00:00\" \/>\n<meta property=\"og:image\" content=\"https:\/\/securitypatent.hu\/wp-content\/uploads\/2024\/09\/blue-light-v3-1.png\" \/>\n\t<meta property=\"og:image:width\" content=\"1200\" \/>\n\t<meta property=\"og:image:height\" content=\"336\" \/>\n\t<meta property=\"og:image:type\" content=\"image\/png\" \/>\n<meta name=\"twitter:card\" content=\"summary_large_image\" \/>\n<meta name=\"twitter:label1\" content=\"Predpokladan\u00fd \u010das \u010d\u00edtania\" \/>\n\t<meta name=\"twitter:data1\" content=\"1 min\u00fata\" \/>\n<script type=\"application\/ld+json\" class=\"yoast-schema-graph\">{\"@context\":\"https:\/\/schema.org\",\"@graph\":[{\"@type\":\"WebPage\",\"@id\":\"https:\/\/securitypatent.hu\/sk\/ziva-ochrana\/\",\"url\":\"https:\/\/securitypatent.hu\/sk\/ziva-ochrana\/\",\"name\":\"\u017div\u00e1 ochrana | Patent Csoport\",\"isPartOf\":{\"@id\":\"https:\/\/securitypatent.hu\/sk\/#website\"},\"datePublished\":\"2024-08-08T13:25:36+00:00\",\"dateModified\":\"2024-10-28T09:58:52+00:00\",\"breadcrumb\":{\"@id\":\"https:\/\/securitypatent.hu\/sk\/ziva-ochrana\/#breadcrumb\"},\"inLanguage\":\"sk-SK\",\"potentialAction\":[{\"@type\":\"ReadAction\",\"target\":[\"https:\/\/securitypatent.hu\/sk\/ziva-ochrana\/\"]}]},{\"@type\":\"BreadcrumbList\",\"@id\":\"https:\/\/securitypatent.hu\/sk\/ziva-ochrana\/#breadcrumb\",\"itemListElement\":[{\"@type\":\"ListItem\",\"position\":1,\"name\":\"Kezd\u0151lap\",\"item\":\"https:\/\/securitypatent.hu\/sk\/\"},{\"@type\":\"ListItem\",\"position\":2,\"name\":\"\u017div\u00e1 ochrana\"}]},{\"@type\":\"WebSite\",\"@id\":\"https:\/\/securitypatent.hu\/sk\/#website\",\"url\":\"https:\/\/securitypatent.hu\/sk\/\",\"name\":\"Patent Csoport | A biztons\u00e1g min\u0151s\u00e9ge!\",\"description\":\"A biztons\u00e1g min\u0151s\u00e9ge!\",\"publisher\":{\"@id\":\"https:\/\/securitypatent.hu\/sk\/#organization\"},\"potentialAction\":[{\"@type\":\"SearchAction\",\"target\":{\"@type\":\"EntryPoint\",\"urlTemplate\":\"https:\/\/securitypatent.hu\/sk\/?s={search_term_string}\"},\"query-input\":{\"@type\":\"PropertyValueSpecification\",\"valueRequired\":true,\"valueName\":\"search_term_string\"}}],\"inLanguage\":\"sk-SK\"},{\"@type\":\"Organization\",\"@id\":\"https:\/\/securitypatent.hu\/sk\/#organization\",\"name\":\"Patent Csoport\",\"url\":\"https:\/\/securitypatent.hu\/sk\/\",\"logo\":{\"@type\":\"ImageObject\",\"inLanguage\":\"sk-SK\",\"@id\":\"https:\/\/securitypatent.hu\/sk\/#\/schema\/logo\/image\/\",\"url\":\"https:\/\/securitypatent.hu\/wp-content\/uploads\/2024\/05\/patent-logo-horizontal.svg\",\"contentUrl\":\"https:\/\/securitypatent.hu\/wp-content\/uploads\/2024\/05\/patent-logo-horizontal.svg\",\"caption\":\"Patent Csoport\"},\"image\":{\"@id\":\"https:\/\/securitypatent.hu\/sk\/#\/schema\/logo\/image\/\"},\"sameAs\":[\"https:\/\/www.facebook.com\/patentbiztonsag\/\",\"https:\/\/www.instagram.com\/patentsecurity\/\",\"https:\/\/www.youtube.com\/channel\/UCP8q-KgqeNxwO4GKefQRfTg\"]}]}<\/script>\n<!-- \/ Yoast SEO Premium plugin. -->","yoast_head_json":{"title":"\u017div\u00e1 ochrana | Patent Csoport","robots":{"index":"index","follow":"follow","max-snippet":"max-snippet:-1","max-image-preview":"max-image-preview:large","max-video-preview":"max-video-preview:-1"},"canonical":"https:\/\/securitypatent.hu\/sk\/ziva-ochrana\/","og_locale":"sk_SK","og_type":"article","og_title":"\u017div\u00e1 ochrana","og_description":"&nbsp; Ochrana s vyu\u017eit\u00edm \u017eiv\u00fdch pracovn\u00edkov &nbsp; Patent poskytuje profesion\u00e1lnu ochranu pre tov\u00e1rne, prev\u00e1dzky a podujatia...","og_url":"https:\/\/securitypatent.hu\/sk\/ziva-ochrana\/","og_site_name":"Patent Csoport","article_publisher":"https:\/\/www.facebook.com\/patentbiztonsag\/","article_modified_time":"2024-10-28T09:58:52+00:00","og_image":[{"width":1200,"height":336,"url":"https:\/\/securitypatent.hu\/wp-content\/uploads\/2024\/09\/blue-light-v3-1.png","type":"image\/png"}],"twitter_card":"summary_large_image","twitter_misc":{"Predpokladan\u00fd \u010das \u010d\u00edtania":"1 min\u00fata"},"schema":{"@context":"https:\/\/schema.org","@graph":[{"@type":"WebPage","@id":"https:\/\/securitypatent.hu\/sk\/ziva-ochrana\/","url":"https:\/\/securitypatent.hu\/sk\/ziva-ochrana\/","name":"\u017div\u00e1 ochrana | Patent Csoport","isPartOf":{"@id":"https:\/\/securitypatent.hu\/sk\/#website"},"datePublished":"2024-08-08T13:25:36+00:00","dateModified":"2024-10-28T09:58:52+00:00","breadcrumb":{"@id":"https:\/\/securitypatent.hu\/sk\/ziva-ochrana\/#breadcrumb"},"inLanguage":"sk-SK","potentialAction":[{"@type":"ReadAction","target":["https:\/\/securitypatent.hu\/sk\/ziva-ochrana\/"]}]},{"@type":"BreadcrumbList","@id":"https:\/\/securitypatent.hu\/sk\/ziva-ochrana\/#breadcrumb","itemListElement":[{"@type":"ListItem","position":1,"name":"Kezd\u0151lap","item":"https:\/\/securitypatent.hu\/sk\/"},{"@type":"ListItem","position":2,"name":"\u017div\u00e1 ochrana"}]},{"@type":"WebSite","@id":"https:\/\/securitypatent.hu\/sk\/#website","url":"https:\/\/securitypatent.hu\/sk\/","name":"Patent Csoport | A biztons\u00e1g min\u0151s\u00e9ge!","description":"A biztons\u00e1g min\u0151s\u00e9ge!","publisher":{"@id":"https:\/\/securitypatent.hu\/sk\/#organization"},"potentialAction":[{"@type":"SearchAction","target":{"@type":"EntryPoint","urlTemplate":"https:\/\/securitypatent.hu\/sk\/?s={search_term_string}"},"query-input":{"@type":"PropertyValueSpecification","valueRequired":true,"valueName":"search_term_string"}}],"inLanguage":"sk-SK"},{"@type":"Organization","@id":"https:\/\/securitypatent.hu\/sk\/#organization","name":"Patent Csoport","url":"https:\/\/securitypatent.hu\/sk\/","logo":{"@type":"ImageObject","inLanguage":"sk-SK","@id":"https:\/\/securitypatent.hu\/sk\/#\/schema\/logo\/image\/","url":"https:\/\/securitypatent.hu\/wp-content\/uploads\/2024\/05\/patent-logo-horizontal.svg","contentUrl":"https:\/\/securitypatent.hu\/wp-content\/uploads\/2024\/05\/patent-logo-horizontal.svg","caption":"Patent Csoport"},"image":{"@id":"https:\/\/securitypatent.hu\/sk\/#\/schema\/logo\/image\/"},"sameAs":["https:\/\/www.facebook.com\/patentbiztonsag\/","https:\/\/www.instagram.com\/patentsecurity\/","https:\/\/www.youtube.com\/channel\/UCP8q-KgqeNxwO4GKefQRfTg"]}]}},"_links":{"self":[{"href":"https:\/\/securitypatent.hu\/sk\/wp-json\/wp\/v2\/pages\/6299","targetHints":{"allow":["GET"]}}],"collection":[{"href":"https:\/\/securitypatent.hu\/sk\/wp-json\/wp\/v2\/pages"}],"about":[{"href":"https:\/\/securitypatent.hu\/sk\/wp-json\/wp\/v2\/types\/page"}],"author":[{"embeddable":true,"href":"https:\/\/securitypatent.hu\/sk\/wp-json\/wp\/v2\/users\/2"}],"replies":[{"embeddable":true,"href":"https:\/\/securitypatent.hu\/sk\/wp-json\/wp\/v2\/comments?post=6299"}],"version-history":[{"count":0,"href":"https:\/\/securitypatent.hu\/sk\/wp-json\/wp\/v2\/pages\/6299\/revisions"}],"wp:attachment":[{"href":"https:\/\/securitypatent.hu\/sk\/wp-json\/wp\/v2\/media?parent=6299"}],"curies":[{"name":"wp","href":"https:\/\/api.w.org\/{rel}","templated":true}]}}