{"id":6289,"date":"2024-05-12T17:33:22","date_gmt":"2024-05-12T15:33:22","guid":{"rendered":"https:\/\/securitypatent.hu\/?page_id=6289"},"modified":"2024-10-25T14:26:18","modified_gmt":"2024-10-25T12:26:18","slug":"akciove-baliky-alarmov","status":"publish","type":"page","link":"https:\/\/securitypatent.hu\/sk\/akciove-baliky-alarmov\/","title":{"rendered":"Akciov\u00e9 bal\u00edky alarmov"},"content":{"rendered":"<div id=\"pl-6289\"  class=\"panel-layout\" ><div id=\"pg-6289-0\"  class=\"panel-grid panel-no-style\" ><div id=\"pgc-6289-0-0\"  class=\"panel-grid-cell\" ><div id=\"panel-6289-0-0-0\" class=\"so-panel widget widget_ndm-sale panel-first-child\" data-index=\"0\" ><div\n\t\t\t\n\t\t\tclass=\"so-widget-ndm-sale so-widget-ndm-sale-default-d75171398898-6289\"\n\t\t\t\n\t\t><div class=\"ptnt-sale-block ptnt-bg--dark mb-3 mb-lg-4 p-3 p-lg-8\">\n\t<div class=\"row align-items-center\">\n\t\t<div class=\"col-lg-7 mb-4 mb-lg-0\">\n\t\t\t<h3 class=\"ptnt-sale__title fw-bold mb-3 mb-lg-6\">Mini bezdr\u00f4tov\u00fd alarmov\u00fd bal\u00edk na ochranu gar\u00e1\u017e\u00ed a skladov<\/h3><ul class=\"ptnt-data-table mb-5 mb-lg-8\">\t\t\t\t\t\t\t<li>\n\t\t\t\t\t\t\t\t<p>\n\t\t\t\t\t\t\t\t\tBal\u00edkov\u00e1 cena\t\t\t\t\t\t\t\t<\/p>\n\t\t\t\t\t\t\t\t<p>0 Ft<\/p>\n\t\t\t\t\t\t\t<\/li>\n\t\t\t\t\t\t\t\t\t\t\t\t\t<li>\n\t\t\t\t\t\t\t\t<p>\n\t\t\t\t\t\t\t\t\tPracovn\u00e1 cena\t\t\t\t\t\t\t\t<\/p>\n\t\t\t\t\t\t\t\t<p>od 15 000 HUF + DPH<\/p>\n\t\t\t\t\t\t\t<\/li>\n\t\t\t\t\t\t\t\t\t\t\t\t\t<li>\n\t\t\t\t\t\t\t\t<p>\n\t\t\t\t\t\t\t\t\tZariadenia\t\t\t\t\t\t\t\t<\/p>\n\t\t\t\t\t\t\t\t<p>Kompletn\u00fd bezdr\u00f4tov\u00fd alarmov\u00fd syst\u00e9m s 1 dia\u013ekov\u00fdm ovl\u00e1da\u010dom, aplik\u00e1ciou + 2 volite\u013en\u00fdmi bezdr\u00f4tov\u00fdmi zariadeniami (mo\u017eno vybra\u0165 len senzor otvorenia alebo pohybov\u00fd senzor)<\/p>\n\t\t\t\t\t\t\t<\/li>\n\t\t\t\t\t\t\t\t\t\t\t\t\t<li>\n\t\t\t\t\t\t\t\t<p>\n\t\t\t\t\t\t\t\t\tDodato\u010dn\u00e9 zariadenia\t\t\t\t\t\t\t\t<\/p>\n\t\t\t\t\t\t\t\t<p>V tomto bal\u00edku nie je mo\u017en\u00e9 vybra\u0165.<\/p>\n\t\t\t\t\t\t\t<\/li>\n\t\t\t\t\t\t\t\t\t\t\t\t\t<li>\n\t\t\t\t\t\t\t\t<p>\n\t\t\t\t\t\t\t\t\tMesa\u010dn\u00fd poplatok\t\t\t\t\t\t\t\t<\/p>\n\t\t\t\t\t\t\t\t<p>od 2 250 HUF + DPH<\/p>\n\t\t\t\t\t\t\t<\/li>\n\t\t\t\t\t\t\t\t\t\t\t\t\t<li>\n\t\t\t\t\t\t\t\t<p>\n\t\t\t\t\t\t\t\t\tN\u00e1jomn\u00e9\t\t\t\t\t\t\t\t<\/p>\n\t\t\t\t\t\t\t\t<p>od 2 350 HUF + DPH<\/p>\n\t\t\t\t\t\t\t<\/li>\n\t\t\t\t\t\t\t\t\t\t\t\t\t<li>\n\t\t\t\t\t\t\t\t<p>\n\t\t\t\t\t\t\t\t\tPoplatok za pou\u017e\u00edvanie syst\u00e9mu<span class=\"ptnt-bc--3l\">(jednorazov\u00fd poplatok)<\/span>\t\t\t\t\t\t\t\t<\/p>\n\t\t\t\t\t\t\t\t<p>25 000 HUF + DPH<\/p>\n\t\t\t\t\t\t\t<\/li>\n\t\t\t\t\t\t<\/ul><a href=\"#0\" class=\"btn btn--w-icon btn-secondary--white btn--large\"><span>Aj\u00e1nlatot k\u00e9rek<\/span><svg width=\"19\" height=\"16\" viewBox=\"0 0 19 16\" fill=\"none\" xmlns=\"http:\/\/www.w3.org\/2000\/svg\"><path fill-rule=\"evenodd\" clip-rule=\"evenodd\" d=\"M9.79289 0.292893C9.40237 0.683417 9.40237 1.31658 9.79289 1.70711L15.0858 7H1.5C0.947716 7 0.5 7.44772 0.5 8C0.5 8.55228 0.947716 9 1.5 9H15.0858L9.79289 14.2929C9.40237 14.6834 9.40237 15.3166 9.79289 15.7071C10.1834 16.0976 10.8166 16.0976 11.2071 15.7071L18.2071 8.70711C18.5976 8.31658 18.5976 7.68342 18.2071 7.29289L11.2071 0.292893C10.8166 -0.0976311 10.1834 -0.0976311 9.79289 0.292893Z\"><\/path><\/svg><\/a>\t\t<\/div>\n\t\t<div class=\"col-lg-5 text-center ps-lg-8\">\n\t\t\t<img decoding=\"async\" src=\"https:\/\/securitypatent.hu\/wp-content\/uploads\/2024\/05\/patent-sas-eszkozok.png\"title=\"Akciov\u00e9 bal\u00edky alarmov\" >\t\t<\/div>\n\t<\/div>\n<\/div><\/div><\/div><div id=\"panel-6289-0-0-1\" class=\"so-panel widget widget_ndm-sale\" data-index=\"1\" ><div\n\t\t\t\n\t\t\tclass=\"so-widget-ndm-sale so-widget-ndm-sale-default-d75171398898-6289\"\n\t\t\t\n\t\t><div class=\"ptnt-sale-block  mb-3 mb-lg-4 p-3 p-lg-8\">\n\t<div class=\"row align-items-center\">\n\t\t<div class=\"col-lg-7 mb-4 mb-lg-0\">\n\t\t\t<h3 class=\"ptnt-sale__title fw-bold mb-3 mb-lg-6\">Bal\u00edk bezdr\u00f4tov\u00e9ho alarmov\u00e9ho syst\u00e9mu na pren\u00e1jom<\/h3><ul class=\"ptnt-data-table mb-5 mb-lg-8\">\t\t\t\t\t\t\t<li>\n\t\t\t\t\t\t\t\t<p>\n\t\t\t\t\t\t\t\t\tBal\u00edkov\u00e1 cena\t\t\t\t\t\t\t\t<\/p>\n\t\t\t\t\t\t\t\t<p>0 HUF<\/p>\n\t\t\t\t\t\t\t<\/li>\n\t\t\t\t\t\t\t\t\t\t\t\t\t<li>\n\t\t\t\t\t\t\t\t<p>\n\t\t\t\t\t\t\t\t\tPracovn\u00e1 cena\t\t\t\t\t\t\t\t<\/p>\n\t\t\t\t\t\t\t\t<p>od 26 000 HUF + DPH<\/p>\n\t\t\t\t\t\t\t<\/li>\n\t\t\t\t\t\t\t\t\t\t\t\t\t<li>\n\t\t\t\t\t\t\t\t<p>\n\t\t\t\t\t\t\t\t\tZariadenia\t\t\t\t\t\t\t\t<\/p>\n\t\t\t\t\t\t\t\t<p>Kompletn\u00fd bezdr\u00f4tov\u00fd alarmov\u00fd syst\u00e9m s 1 dia\u013ekov\u00fdm ovl\u00e1da\u010dom, aplik\u00e1ciou<br \/>\n+ 5 volite\u013en\u00fdmi bezdr\u00f4tov\u00fdmi zariadeniami (m\u00f4\u017ee by\u0165 len senzor otvorenia, pohybov\u00fd senzor, alebo dia\u013ekov\u00fd ovl\u00e1da\u010d)<\/p>\n\t\t\t\t\t\t\t<\/li>\n\t\t\t\t\t\t\t\t\t\t\t\t\t<li>\n\t\t\t\t\t\t\t\t<p>\n\t\t\t\t\t\t\t\t\tDodato\u010dn\u00e9 zariadenia\t\t\t\t\t\t\t\t<\/p>\n\t\t\t\t\t\t\t\t<p>\n<strong>\u010eal\u0161\u00ed pohybov\u00fd senzor:<\/strong><br \/>\nod 400 HUF + DPH pr\u00edplatok za n\u00e1jom<br \/>\n<strong>\u010eal\u0161\u00ed senzor otvorenia:<\/strong><br \/>\nod 400 HUF + DPH pr\u00edplatok za n\u00e1jom<br \/>\n<strong>\u010eal\u0161\u00ed dia\u013ekov\u00fd ovl\u00e1da\u010d:<\/strong><br \/>\nod 400 HUF + DPH pr\u00edplatok za n\u00e1jom<br \/>\n<strong>\u010eal\u0161ia vn\u00fatorn\u00e1 sir\u00e9na:<\/strong><br \/>\nod 1 000 HUF + DPH pr\u00edplatok za n\u00e1jom<br \/>\n<strong>\u010eal\u0161ia kl\u00e1vesnica:<\/strong><br \/>\nod 1 000 HUF + DPH pr\u00edplatok za n\u00e1jom\n<\/p>\t\t\t\t\t\t\t<\/li>\n\t\t\t\t\t\t\t\t\t\t\t\t\t<li>\n\t\t\t\t\t\t\t\t<p>\n\t\t\t\t\t\t\t\t\tMesa\u010dn\u00fd poplatok\t\t\t\t\t\t\t\t<\/p>\n\t\t\t\t\t\t\t\t<p>od 5 750 HUF + DPH<\/p>\n\t\t\t\t\t\t\t<\/li>\n\t\t\t\t\t\t\t\t\t\t\t\t\t<li>\n\t\t\t\t\t\t\t\t<p>\n\t\t\t\t\t\t\t\t\tN\u00e1jomn\u00e9\t\t\t\t\t\t\t\t<\/p>\n\t\t\t\t\t\t\t\t<p>od 2 350 HUF + DPH<\/p>\n\t\t\t\t\t\t\t<\/li>\n\t\t\t\t\t\t\t\t\t\t\t\t\t<li>\n\t\t\t\t\t\t\t\t<p>\n\t\t\t\t\t\t\t\t\tPoplatok za pou\u017e\u00edvanie syst\u00e9mu<span class=\"ptnt-bc--3l\">(jednorazov\u00fd poplatok)<\/span>\t\t\t\t\t\t\t\t<\/p>\n\t\t\t\t\t\t\t\t<p>15 000 HUF + DPH<\/p>\n\t\t\t\t\t\t\t<\/li>\n\t\t\t\t\t\t<\/ul><a href=\"#0\" class=\"btn btn--w-icon btn-secondary btn--large\"><span>\u017diadam o ponuku<\/span><svg width=\"19\" height=\"16\" viewBox=\"0 0 19 16\" fill=\"none\" xmlns=\"http:\/\/www.w3.org\/2000\/svg\"><path fill-rule=\"evenodd\" clip-rule=\"evenodd\" d=\"M9.79289 0.292893C9.40237 0.683417 9.40237 1.31658 9.79289 1.70711L15.0858 7H1.5C0.947716 7 0.5 7.44772 0.5 8C0.5 8.55228 0.947716 9 1.5 9H15.0858L9.79289 14.2929C9.40237 14.6834 9.40237 15.3166 9.79289 15.7071C10.1834 16.0976 10.8166 16.0976 11.2071 15.7071L18.2071 8.70711C18.5976 8.31658 18.5976 7.68342 18.2071 7.29289L11.2071 0.292893C10.8166 -0.0976311 10.1834 -0.0976311 9.79289 0.292893Z\"><\/path><\/svg><\/a>\t\t<\/div>\n\t\t<div class=\"col-lg-5 text-center ps-lg-8\">\n\t\t\t<img decoding=\"async\" src=\"https:\/\/securitypatent.hu\/wp-content\/uploads\/2024\/05\/uj-patent-sas-eszkozok.png\"title=\"Akciov\u00e9 bal\u00edky alarmov\" >\t\t<\/div>\n\t<\/div>\n<\/div><\/div><\/div><div id=\"panel-6289-0-0-2\" class=\"so-panel widget widget_ndm-sale\" data-index=\"2\" ><div\n\t\t\t\n\t\t\tclass=\"so-widget-ndm-sale so-widget-ndm-sale-default-d75171398898-6289\"\n\t\t\t\n\t\t><div class=\"ptnt-sale-block ptnt-bg--dark mb-3 mb-lg-4 p-3 p-lg-8\">\n\t<div class=\"row align-items-center\">\n\t\t<div class=\"col-lg-7 mb-4 mb-lg-0\">\n\t\t\t<h3 class=\"ptnt-sale__title fw-bold mb-3 mb-lg-6\">Bal\u00edk zak\u00fapite\u013en\u00e9ho alarmov\u00e9ho syst\u00e9mu AJAX<\/h3><ul class=\"ptnt-data-table mb-5 mb-lg-8\">\t\t\t\t\t\t\t<li>\n\t\t\t\t\t\t\t\t<p>\n\t\t\t\t\t\t\t\t\tBal\u00edkov\u00e1 cena\t\t\t\t\t\t\t\t<\/p>\n\t\t\t\t\t\t\t\t<p>od 98 000 HUF + DPH<\/p>\n\t\t\t\t\t\t\t<\/li>\n\t\t\t\t\t\t\t\t\t\t\t\t\t<li>\n\t\t\t\t\t\t\t\t<p>\n\t\t\t\t\t\t\t\t\tZariadenia\t\t\t\t\t\t\t\t<\/p>\n\t\t\t\t\t\t\t\t<p>Kompletn\u00fd bezdr\u00f4tov\u00fd alarmov\u00fd syst\u00e9m s 1 dia\u013ekov\u00fdm ovl\u00e1da\u010dom, aplik\u00e1ciou,<br \/>\n2 pohybov\u00fdmi senzormi a 1 senzorom otvorenia<\/p>\n\t\t\t\t\t\t\t<\/li>\n\t\t\t\t\t\t\t\t\t\t\t\t\t<li>\n\t\t\t\t\t\t\t\t<p>\n\t\t\t\t\t\t\t\t\tMesa\u010dn\u00fd poplatok\t\t\t\t\t\t\t\t<\/p>\n\t\t\t\t\t\t\t\t<p>od 6 550 HUF + DPH<\/p>\n\t\t\t\t\t\t\t<\/li>\n\t\t\t\t\t\t\t\t\t\t\t\t\t<li>\n\t\t\t\t\t\t\t\t<p>\n\t\t\t\t\t\t\t\t\tPoplatok za pou\u017e\u00edvanie syst\u00e9mu<span class=\"ptnt-bc--3l\">(jednorazov\u00fd poplatok)<\/span>\t\t\t\t\t\t\t\t<\/p>\n\t\t\t\t\t\t\t\t<p>15 000 HUF + DPH<\/p>\n\t\t\t\t\t\t\t<\/li>\n\t\t\t\t\t\t<\/ul><a href=\"#0\" class=\"btn btn--w-icon btn-secondary--white btn--large\"><span>\u017diadam o ponuku<\/span><svg width=\"19\" height=\"16\" viewBox=\"0 0 19 16\" fill=\"none\" xmlns=\"http:\/\/www.w3.org\/2000\/svg\"><path fill-rule=\"evenodd\" clip-rule=\"evenodd\" d=\"M9.79289 0.292893C9.40237 0.683417 9.40237 1.31658 9.79289 1.70711L15.0858 7H1.5C0.947716 7 0.5 7.44772 0.5 8C0.5 8.55228 0.947716 9 1.5 9H15.0858L9.79289 14.2929C9.40237 14.6834 9.40237 15.3166 9.79289 15.7071C10.1834 16.0976 10.8166 16.0976 11.2071 15.7071L18.2071 8.70711C18.5976 8.31658 18.5976 7.68342 18.2071 7.29289L11.2071 0.292893C10.8166 -0.0976311 10.1834 -0.0976311 9.79289 0.292893Z\"><\/path><\/svg><\/a>\t\t<\/div>\n\t\t<div class=\"col-lg-5 text-center ps-lg-8\">\n\t\t\t<img decoding=\"async\" src=\"https:\/\/securitypatent.hu\/wp-content\/uploads\/2024\/05\/ajax-csomag.png\"title=\"Akciov\u00e9 bal\u00edky alarmov\" >\t\t<\/div>\n\t<\/div>\n<\/div><\/div><\/div><div id=\"panel-6289-0-0-3\" class=\"so-panel widget widget_ndm-sale\" data-index=\"3\" ><div\n\t\t\t\n\t\t\tclass=\"so-widget-ndm-sale so-widget-ndm-sale-default-d75171398898-6289\"\n\t\t\t\n\t\t><div class=\"ptnt-sale-block  mb-3 mb-lg-4 p-3 p-lg-8\">\n\t<div class=\"row align-items-center\">\n\t\t<div class=\"col-lg-7 mb-4 mb-lg-0\">\n\t\t\t<h3 class=\"ptnt-sale__title fw-bold mb-3 mb-lg-6\">Z\u013eavnen\u00fd mal\u00fd bal\u00edk alarmov\u00e9ho syst\u00e9mu Bal\u00edkov\u00e1 cena<\/h3><ul class=\"ptnt-data-table mb-5 mb-lg-8\">\t\t\t\t\t\t\t<li>\n\t\t\t\t\t\t\t\t<p>\n\t\t\t\t\t\t\t\t\tz\u013eavnen\u00e1 cena:\t\t\t\t\t\t\t\t<\/p>\n\t\t\t\t\t\t\t\t<span style=\"text-decoration: line-through\">od 158 000 HUF + DPH<\/span><br \/>\n<strong>od 79 000 HUF + DPH<\/strong>\t\t\t\t\t\t\t<\/li>\n\t\t\t\t\t\t\t\t\t\t\t\t\t<li>\n\t\t\t\t\t\t\t\t<p>\n\t\t\t\t\t\t\t\t\tZariadenia\t\t\t\t\t\t\t\t<\/p>\n\t\t\t\t\t\t\t\t<p>Kompletn\u00fd alarmov\u00fd syst\u00e9m s 2 pohybov\u00fdmi senzormi a dia\u013ekov\u00fdm doh\u013eadom<\/p>\n\t\t\t\t\t\t\t<\/li>\n\t\t\t\t\t\t\t\t\t\t\t\t\t<li>\n\t\t\t\t\t\t\t\t<p>\n\t\t\t\t\t\t\t\t\tMesa\u010dn\u00fd poplatok<span class=\"ptnt-bc--3l\">(v z\u00e1vislosti od typu objektu)<\/span>\t\t\t\t\t\t\t\t<\/p>\n\t\t\t\t\t\t\t\t<p>od 5 000 HUF + DPH<\/p>\n\t\t\t\t\t\t\t<\/li>\n\t\t\t\t\t\t\t\t\t\t\t\t\t<li>\n\t\t\t\t\t\t\t\t<p>\n\t\t\t\t\t\t\t\t\tPoplatok za pou\u017e\u00edvanie syst\u00e9mu<span class=\"ptnt-bc--3l\">(jednorazov\u00fd poplatok)<\/span>\t\t\t\t\t\t\t\t<\/p>\n\t\t\t\t\t\t\t\t<p>15 000 HUF + DPH<\/p>\n\t\t\t\t\t\t\t<\/li>\n\t\t\t\t\t\t<\/ul><a href=\"#0\" class=\"btn btn--w-icon btn-secondary btn--large\"><span>\u017diadam o ponuku<\/span><svg width=\"19\" height=\"16\" viewBox=\"0 0 19 16\" fill=\"none\" xmlns=\"http:\/\/www.w3.org\/2000\/svg\"><path fill-rule=\"evenodd\" clip-rule=\"evenodd\" d=\"M9.79289 0.292893C9.40237 0.683417 9.40237 1.31658 9.79289 1.70711L15.0858 7H1.5C0.947716 7 0.5 7.44772 0.5 8C0.5 8.55228 0.947716 9 1.5 9H15.0858L9.79289 14.2929C9.40237 14.6834 9.40237 15.3166 9.79289 15.7071C10.1834 16.0976 10.8166 16.0976 11.2071 15.7071L18.2071 8.70711C18.5976 8.31658 18.5976 7.68342 18.2071 7.29289L11.2071 0.292893C10.8166 -0.0976311 10.1834 -0.0976311 9.79289 0.292893Z\"><\/path><\/svg><\/a>\t\t<\/div>\n\t\t<div class=\"col-lg-5 text-center ps-lg-8\">\n\t\t\t<img decoding=\"async\" src=\"https:\/\/securitypatent.hu\/wp-content\/uploads\/2024\/05\/kicsi-csomag.png\"title=\"Akciov\u00e9 bal\u00edky alarmov\" >\t\t<\/div>\n\t<\/div>\n<\/div><\/div><\/div><div id=\"panel-6289-0-0-4\" class=\"so-panel widget widget_ndm-sale panel-last-child\" data-index=\"4\" ><div\n\t\t\t\n\t\t\tclass=\"so-widget-ndm-sale so-widget-ndm-sale-default-d75171398898-6289\"\n\t\t\t\n\t\t><div class=\"ptnt-sale-block ptnt-bg--dark mb-3 mb-lg-4 p-3 p-lg-8\">\n\t<div class=\"row align-items-center\">\n\t\t<div class=\"col-lg-7 mb-4 mb-lg-0\">\n\t\t\t<h3 class=\"ptnt-sale__title fw-bold mb-3 mb-lg-6\">Kedvezm\u00e9nyes nagy riaszt\u00f3rendszer csomag<\/h3><ul class=\"ptnt-data-table mb-5 mb-lg-8\">\t\t\t\t\t\t\t<li>\n\t\t\t\t\t\t\t\t<p>\n\t\t\t\t\t\t\t\t\tCsomagd\u00edj\t\t\t\t\t\t\t\t<\/p>\n\t\t\t\t\t\t\t\t198.000 Ft + \u00e1fa-t\u00f3l<\/span> 99.000 Ft + \u00e1fa-t\u00f3l<\/strong><\/p>\n\t\t\t\t\t\t\t<\/li>\n\t\t\t\t\t\t\t\t\t\t\t\t\t<li>\n\t\t\t\t\t\t\t\t<p>\n\t\t\t\t\t\t\t\t\tEszk\u00f6z\u00f6k\t\t\t\t\t\t\t\t<\/p>\n\t\t\t\t\t\t\t\t5 db mozg\u00e1s\u00e9rz\u00e9kel\u0151s komplett riaszt\u00f3rendszer t\u00e1vfel\u00fcgyelettel<\/p>\n\t\t\t\t\t\t\t<\/li>\n\t\t\t\t\t\t\t\t\t\t\t\t\t<li>\n\t\t\t\t\t\t\t\t<p>\n\t\t\t\t\t\t\t\t\tHavid\u00edj<span class=\"ptnt-bc--3l\">(Objektum jelleg\u00e9t\u0151l f\u00fcgg\u0151en)<\/span>\t\t\t\t\t\t\t\t<\/p>\n\t\t\t\t\t\t\t\t5.750 Ft + \u00e1fa-t\u00f3l<\/p>\n\t\t\t\t\t\t\t<\/li>\n\t\t\t\t\t\t\t\t\t\t\t\t\t<li>\n\t\t\t\t\t\t\t\t<p>\n\t\t\t\t\t\t\t\t\tRendszerhaszn\u00e1lati d\u00edj<span class=\"ptnt-bc--3l\">(egyszeri d\u00edj)<\/span>\t\t\t\t\t\t\t\t<\/p>\n\t\t\t\t\t\t\t\t15.000 Ft + \u00e1fa<\/p>\n\t\t\t\t\t\t\t<\/li>\n\t\t\t\t\t\t<\/ul><a href=\"#0\" class=\"btn btn--w-icon btn-secondary--white btn--large\"><span>Aj\u00e1nlatot k\u00e9rek<\/span><svg width=\"19\" height=\"16\" viewBox=\"0 0 19 16\" fill=\"none\" xmlns=\"http:\/\/www.w3.org\/2000\/svg\"><path fill-rule=\"evenodd\" clip-rule=\"evenodd\" d=\"M9.79289 0.292893C9.40237 0.683417 9.40237 1.31658 9.79289 1.70711L15.0858 7H1.5C0.947716 7 0.5 7.44772 0.5 8C0.5 8.55228 0.947716 9 1.5 9H15.0858L9.79289 14.2929C9.40237 14.6834 9.40237 15.3166 9.79289 15.7071C10.1834 16.0976 10.8166 16.0976 11.2071 15.7071L18.2071 8.70711C18.5976 8.31658 18.5976 7.68342 18.2071 7.29289L11.2071 0.292893C10.8166 -0.0976311 10.1834 -0.0976311 9.79289 0.292893Z\"><\/path><\/svg><\/a>\t\t<\/div>\n\t\t<div class=\"col-lg-5 text-center ps-lg-8\">\n\t\t\t<img decoding=\"async\" src=\"https:\/\/securitypatent.hu\/wp-content\/uploads\/2024\/05\/nagy-csomag.png\"title=\"Akciov\u00e9 bal\u00edky alarmov\" >\t\t<\/div>\n\t<\/div>\n<\/div><\/div><\/div><\/div><\/div><\/div>","protected":false},"excerpt":{"rendered":"<p>Mini bezdr\u00f4tov\u00fd alarmov\u00fd bal\u00edk na ochranu gar\u00e1\u017e\u00ed a skladov Bal\u00edkov\u00e1 cena 0 Ft Pracovn\u00e1 cena od&#8230;<\/p>\n","protected":false},"author":2,"featured_media":0,"parent":0,"menu_order":4,"comment_status":"closed","ping_status":"closed","template":"akcios-csomagok.php","meta":{"_acf_changed":false,"footnotes":""},"class_list":["post-6289","page","type-page","status-publish","hentry"],"acf":[],"yoast_head":"<!-- This site is optimized with the Yoast SEO Premium plugin v26.6 (Yoast SEO v26.6) - https:\/\/yoast.com\/wordpress\/plugins\/seo\/ -->\n<title>Akciov\u00e9 bal\u00edky alarmov | Patent Csoport<\/title>\n<meta name=\"robots\" content=\"index, follow, max-snippet:-1, max-image-preview:large, max-video-preview:-1\" \/>\n<link rel=\"canonical\" href=\"https:\/\/securitypatent.hu\/sk\/akciove-baliky-alarmov\/\" \/>\n<meta property=\"og:locale\" content=\"sk_SK\" \/>\n<meta property=\"og:type\" content=\"article\" \/>\n<meta property=\"og:title\" content=\"Akciov\u00e9 bal\u00edky alarmov\" \/>\n<meta property=\"og:description\" content=\"Mini bezdr\u00f4tov\u00fd alarmov\u00fd bal\u00edk na ochranu gar\u00e1\u017e\u00ed a skladov Bal\u00edkov\u00e1 cena 0 Ft Pracovn\u00e1 cena od...\" \/>\n<meta property=\"og:url\" content=\"https:\/\/securitypatent.hu\/sk\/akciove-baliky-alarmov\/\" \/>\n<meta property=\"og:site_name\" content=\"Patent Csoport\" \/>\n<meta property=\"article:publisher\" content=\"https:\/\/www.facebook.com\/patentbiztonsag\/\" \/>\n<meta property=\"article:modified_time\" content=\"2024-10-25T12:26:18+00:00\" \/>\n<meta property=\"og:image\" content=\"https:\/\/securitypatent.hu\/wp-content\/uploads\/2024\/09\/blue-light-v3-1.png\" \/>\n\t<meta property=\"og:image:width\" content=\"1200\" \/>\n\t<meta property=\"og:image:height\" content=\"336\" \/>\n\t<meta property=\"og:image:type\" content=\"image\/png\" \/>\n<meta name=\"twitter:card\" content=\"summary_large_image\" \/>\n<script type=\"application\/ld+json\" class=\"yoast-schema-graph\">{\"@context\":\"https:\/\/schema.org\",\"@graph\":[{\"@type\":\"WebPage\",\"@id\":\"https:\/\/securitypatent.hu\/sk\/akciove-baliky-alarmov\/\",\"url\":\"https:\/\/securitypatent.hu\/sk\/akciove-baliky-alarmov\/\",\"name\":\"Akciov\u00e9 bal\u00edky alarmov | Patent Csoport\",\"isPartOf\":{\"@id\":\"https:\/\/securitypatent.hu\/sk\/#website\"},\"datePublished\":\"2024-05-12T15:33:22+00:00\",\"dateModified\":\"2024-10-25T12:26:18+00:00\",\"breadcrumb\":{\"@id\":\"https:\/\/securitypatent.hu\/sk\/akciove-baliky-alarmov\/#breadcrumb\"},\"inLanguage\":\"sk-SK\",\"potentialAction\":[{\"@type\":\"ReadAction\",\"target\":[\"https:\/\/securitypatent.hu\/sk\/akciove-baliky-alarmov\/\"]}]},{\"@type\":\"BreadcrumbList\",\"@id\":\"https:\/\/securitypatent.hu\/sk\/akciove-baliky-alarmov\/#breadcrumb\",\"itemListElement\":[{\"@type\":\"ListItem\",\"position\":1,\"name\":\"Kezd\u0151lap\",\"item\":\"https:\/\/securitypatent.hu\/sk\/\"},{\"@type\":\"ListItem\",\"position\":2,\"name\":\"Akciov\u00e9 bal\u00edky alarmov\"}]},{\"@type\":\"WebSite\",\"@id\":\"https:\/\/securitypatent.hu\/sk\/#website\",\"url\":\"https:\/\/securitypatent.hu\/sk\/\",\"name\":\"Patent Csoport | A biztons\u00e1g min\u0151s\u00e9ge!\",\"description\":\"A biztons\u00e1g min\u0151s\u00e9ge!\",\"publisher\":{\"@id\":\"https:\/\/securitypatent.hu\/sk\/#organization\"},\"potentialAction\":[{\"@type\":\"SearchAction\",\"target\":{\"@type\":\"EntryPoint\",\"urlTemplate\":\"https:\/\/securitypatent.hu\/sk\/?s={search_term_string}\"},\"query-input\":{\"@type\":\"PropertyValueSpecification\",\"valueRequired\":true,\"valueName\":\"search_term_string\"}}],\"inLanguage\":\"sk-SK\"},{\"@type\":\"Organization\",\"@id\":\"https:\/\/securitypatent.hu\/sk\/#organization\",\"name\":\"Patent Csoport\",\"url\":\"https:\/\/securitypatent.hu\/sk\/\",\"logo\":{\"@type\":\"ImageObject\",\"inLanguage\":\"sk-SK\",\"@id\":\"https:\/\/securitypatent.hu\/sk\/#\/schema\/logo\/image\/\",\"url\":\"https:\/\/securitypatent.hu\/wp-content\/uploads\/2024\/05\/patent-logo-horizontal.svg\",\"contentUrl\":\"https:\/\/securitypatent.hu\/wp-content\/uploads\/2024\/05\/patent-logo-horizontal.svg\",\"caption\":\"Patent Csoport\"},\"image\":{\"@id\":\"https:\/\/securitypatent.hu\/sk\/#\/schema\/logo\/image\/\"},\"sameAs\":[\"https:\/\/www.facebook.com\/patentbiztonsag\/\",\"https:\/\/www.instagram.com\/patentsecurity\/\",\"https:\/\/www.youtube.com\/channel\/UCP8q-KgqeNxwO4GKefQRfTg\"]}]}<\/script>\n<!-- \/ Yoast SEO Premium plugin. -->","yoast_head_json":{"title":"Akciov\u00e9 bal\u00edky alarmov | Patent Csoport","robots":{"index":"index","follow":"follow","max-snippet":"max-snippet:-1","max-image-preview":"max-image-preview:large","max-video-preview":"max-video-preview:-1"},"canonical":"https:\/\/securitypatent.hu\/sk\/akciove-baliky-alarmov\/","og_locale":"sk_SK","og_type":"article","og_title":"Akciov\u00e9 bal\u00edky alarmov","og_description":"Mini bezdr\u00f4tov\u00fd alarmov\u00fd bal\u00edk na ochranu gar\u00e1\u017e\u00ed a skladov Bal\u00edkov\u00e1 cena 0 Ft Pracovn\u00e1 cena od...","og_url":"https:\/\/securitypatent.hu\/sk\/akciove-baliky-alarmov\/","og_site_name":"Patent Csoport","article_publisher":"https:\/\/www.facebook.com\/patentbiztonsag\/","article_modified_time":"2024-10-25T12:26:18+00:00","og_image":[{"width":1200,"height":336,"url":"https:\/\/securitypatent.hu\/wp-content\/uploads\/2024\/09\/blue-light-v3-1.png","type":"image\/png"}],"twitter_card":"summary_large_image","schema":{"@context":"https:\/\/schema.org","@graph":[{"@type":"WebPage","@id":"https:\/\/securitypatent.hu\/sk\/akciove-baliky-alarmov\/","url":"https:\/\/securitypatent.hu\/sk\/akciove-baliky-alarmov\/","name":"Akciov\u00e9 bal\u00edky alarmov | Patent Csoport","isPartOf":{"@id":"https:\/\/securitypatent.hu\/sk\/#website"},"datePublished":"2024-05-12T15:33:22+00:00","dateModified":"2024-10-25T12:26:18+00:00","breadcrumb":{"@id":"https:\/\/securitypatent.hu\/sk\/akciove-baliky-alarmov\/#breadcrumb"},"inLanguage":"sk-SK","potentialAction":[{"@type":"ReadAction","target":["https:\/\/securitypatent.hu\/sk\/akciove-baliky-alarmov\/"]}]},{"@type":"BreadcrumbList","@id":"https:\/\/securitypatent.hu\/sk\/akciove-baliky-alarmov\/#breadcrumb","itemListElement":[{"@type":"ListItem","position":1,"name":"Kezd\u0151lap","item":"https:\/\/securitypatent.hu\/sk\/"},{"@type":"ListItem","position":2,"name":"Akciov\u00e9 bal\u00edky alarmov"}]},{"@type":"WebSite","@id":"https:\/\/securitypatent.hu\/sk\/#website","url":"https:\/\/securitypatent.hu\/sk\/","name":"Patent Csoport | A biztons\u00e1g min\u0151s\u00e9ge!","description":"A biztons\u00e1g min\u0151s\u00e9ge!","publisher":{"@id":"https:\/\/securitypatent.hu\/sk\/#organization"},"potentialAction":[{"@type":"SearchAction","target":{"@type":"EntryPoint","urlTemplate":"https:\/\/securitypatent.hu\/sk\/?s={search_term_string}"},"query-input":{"@type":"PropertyValueSpecification","valueRequired":true,"valueName":"search_term_string"}}],"inLanguage":"sk-SK"},{"@type":"Organization","@id":"https:\/\/securitypatent.hu\/sk\/#organization","name":"Patent Csoport","url":"https:\/\/securitypatent.hu\/sk\/","logo":{"@type":"ImageObject","inLanguage":"sk-SK","@id":"https:\/\/securitypatent.hu\/sk\/#\/schema\/logo\/image\/","url":"https:\/\/securitypatent.hu\/wp-content\/uploads\/2024\/05\/patent-logo-horizontal.svg","contentUrl":"https:\/\/securitypatent.hu\/wp-content\/uploads\/2024\/05\/patent-logo-horizontal.svg","caption":"Patent Csoport"},"image":{"@id":"https:\/\/securitypatent.hu\/sk\/#\/schema\/logo\/image\/"},"sameAs":["https:\/\/www.facebook.com\/patentbiztonsag\/","https:\/\/www.instagram.com\/patentsecurity\/","https:\/\/www.youtube.com\/channel\/UCP8q-KgqeNxwO4GKefQRfTg"]}]}},"_links":{"self":[{"href":"https:\/\/securitypatent.hu\/sk\/wp-json\/wp\/v2\/pages\/6289","targetHints":{"allow":["GET"]}}],"collection":[{"href":"https:\/\/securitypatent.hu\/sk\/wp-json\/wp\/v2\/pages"}],"about":[{"href":"https:\/\/securitypatent.hu\/sk\/wp-json\/wp\/v2\/types\/page"}],"author":[{"embeddable":true,"href":"https:\/\/securitypatent.hu\/sk\/wp-json\/wp\/v2\/users\/2"}],"replies":[{"embeddable":true,"href":"https:\/\/securitypatent.hu\/sk\/wp-json\/wp\/v2\/comments?post=6289"}],"version-history":[{"count":0,"href":"https:\/\/securitypatent.hu\/sk\/wp-json\/wp\/v2\/pages\/6289\/revisions"}],"wp:attachment":[{"href":"https:\/\/securitypatent.hu\/sk\/wp-json\/wp\/v2\/media?parent=6289"}],"curies":[{"name":"wp","href":"https:\/\/api.w.org\/{rel}","templated":true}]}}