{"id":6158,"date":"2024-08-08T15:02:45","date_gmt":"2024-08-08T13:02:45","guid":{"rendered":"https:\/\/securitypatent.hu\/?page_id=6158"},"modified":"2024-10-28T10:08:58","modified_gmt":"2024-10-28T09:08:58","slug":"dialkovy-dohlad","status":"publish","type":"page","link":"https:\/\/securitypatent.hu\/sk\/dialkovy-dohlad\/","title":{"rendered":"Dia\u013ekov\u00fd doh\u013ead"},"content":{"rendered":"<div id=\"pl-6158\"  class=\"panel-layout\" ><div id=\"pg-6158-0\"  class=\"panel-grid panel-no-style\" ><div id=\"pgc-6158-0-0\"  class=\"panel-grid-cell\" ><div class=\"ptnt-content__block panel-cell-style panel-cell-style-for-6158-0-0\" ><div id=\"panel-6158-0-0-0\" class=\"so-panel widget widget_sow-editor panel-first-child panel-last-child\" data-index=\"0\" ><div\n\t\t\t\n\t\t\tclass=\"so-widget-sow-editor so-widget-sow-editor-base\"\n\t\t\t\n\t\t>\n<div class=\"siteorigin-widget-tinymce textwidget\">\n\t<h3><strong>Slu\u017eba dia\u013ekov\u00e9ho doh\u013eadu<\/strong><\/h3>\n<p>24\/7 ochrana a okam\u017eit\u00e1 reakcia<br \/>\nNa\u0161a slu\u017eba dia\u013ekov\u00e9ho doh\u013eadu poskytuje nepretr\u017eit\u00fa, 24-hodinov\u00fa ochranu, ktor\u00e1 zaru\u010duje okam\u017eit\u00fd z\u00e1sah v pr\u00edpade poplachu, vl\u00e1mania, po\u017eiaru alebo \u0161k\u00f4d sp\u00f4soben\u00fdch vodou. Okrem technick\u00e9ho doh\u013eadu na\u0161i dispe\u010deri a z\u00e1sahov\u00e1 slu\u017eba okam\u017eite reaguj\u00fa na poplachy.<\/p>\n<p>Bezplatn\u00e9 bezpe\u010dnostn\u00e9 pos\u00fadenie<br \/>\nPred objednan\u00edm slu\u017eby vykon\u00e1vame bezplatn\u00e9 bezpe\u010dnostn\u00e9 pos\u00fadenie, aby sme presne vyhodnotili potreby v\u00e1\u0161ho domova alebo firmy. N\u00e1sledne pon\u00fakame individu\u00e1lne rie\u0161enia pre maxim\u00e1lnu ochranu.<\/p>\n<p><strong>Pre\u010do si vybra\u0165 n\u00e1s?<\/strong><\/p>\n<ul>\n<li>24-hodinov\u00fd dispe\u010dersk\u00fd doh\u013ead a z\u00e1sahov\u00e1 slu\u017eba<\/li>\n<li>Ochrana proti vl\u00e1maniu, po\u017eiaru a \u0161kod\u00e1m sp\u00f4soben\u00fdm vodou<\/li>\n<li>Bezplatn\u00e9 bezpe\u010dnostn\u00e9 pos\u00fadenie<\/li>\n<li>N\u00e1vrh, in\u0161tal\u00e1cia a \u00fadr\u017eba poplachov\u00fdch syst\u00e9mov<\/li>\n<\/ul>\n<\/div>\n<\/div><\/div><\/div><\/div><div id=\"pgc-6158-0-1\"  class=\"panel-grid-cell\" ><div id=\"panel-6158-0-1-0\" class=\"so-panel widget widget_ndm-img-banner panel-first-child panel-last-child\" data-index=\"1\" ><div\n\t\t\t\n\t\t\tclass=\"so-widget-ndm-img-banner so-widget-ndm-img-banner-default-d75171398898-6158\"\n\t\t\t\n\t\t><div class=\"ptnt-ib__img\"><img decoding=\"async\" src=\"https:\/\/securitypatent.hu\/wp-content\/uploads\/2024\/08\/24-oras-diszpecserszolgalat-jpg.avif\"title=\"Dia\u013ekov\u00fd doh\u013ead\" ><\/div><\/div><\/div><\/div><\/div><\/div>","protected":false},"excerpt":{"rendered":"<p>Slu\u017eba dia\u013ekov\u00e9ho doh\u013eadu 24\/7 ochrana a okam\u017eit\u00e1 reakcia Na\u0161a slu\u017eba dia\u013ekov\u00e9ho doh\u013eadu poskytuje nepretr\u017eit\u00fa, 24-hodinov\u00fa ochranu,&#8230;<\/p>\n","protected":false},"author":2,"featured_media":0,"parent":0,"menu_order":0,"comment_status":"closed","ping_status":"closed","template":"page-tavfelugyelet.php","meta":{"_acf_changed":false,"footnotes":""},"class_list":["post-6158","page","type-page","status-publish","hentry"],"acf":[],"yoast_head":"<!-- This site is optimized with the Yoast SEO Premium plugin v26.6 (Yoast SEO v26.6) - https:\/\/yoast.com\/wordpress\/plugins\/seo\/ -->\n<title>Dia\u013ekov\u00fd doh\u013ead | Patent Csoport<\/title>\n<meta name=\"robots\" content=\"index, follow, max-snippet:-1, max-image-preview:large, max-video-preview:-1\" \/>\n<link rel=\"canonical\" href=\"https:\/\/securitypatent.hu\/sk\/dialkovy-dohlad\/\" \/>\n<meta property=\"og:locale\" content=\"sk_SK\" \/>\n<meta property=\"og:type\" content=\"article\" \/>\n<meta property=\"og:title\" content=\"Dia\u013ekov\u00fd doh\u013ead\" \/>\n<meta property=\"og:description\" content=\"Slu\u017eba dia\u013ekov\u00e9ho doh\u013eadu 24\/7 ochrana a okam\u017eit\u00e1 reakcia Na\u0161a slu\u017eba dia\u013ekov\u00e9ho doh\u013eadu poskytuje nepretr\u017eit\u00fa, 24-hodinov\u00fa ochranu,...\" \/>\n<meta property=\"og:url\" content=\"https:\/\/securitypatent.hu\/sk\/dialkovy-dohlad\/\" \/>\n<meta property=\"og:site_name\" content=\"Patent Csoport\" \/>\n<meta property=\"article:publisher\" content=\"https:\/\/www.facebook.com\/patentbiztonsag\/\" \/>\n<meta property=\"article:modified_time\" content=\"2024-10-28T09:08:58+00:00\" \/>\n<meta property=\"og:image\" content=\"https:\/\/securitypatent.hu\/wp-content\/uploads\/2024\/09\/blue-light-v3-1.png\" \/>\n\t<meta property=\"og:image:width\" content=\"1200\" \/>\n\t<meta property=\"og:image:height\" content=\"336\" \/>\n\t<meta property=\"og:image:type\" content=\"image\/png\" \/>\n<meta name=\"twitter:card\" content=\"summary_large_image\" \/>\n<meta name=\"twitter:label1\" content=\"Predpokladan\u00fd \u010das \u010d\u00edtania\" \/>\n\t<meta name=\"twitter:data1\" content=\"1 min\u00fata\" \/>\n<script type=\"application\/ld+json\" class=\"yoast-schema-graph\">{\"@context\":\"https:\/\/schema.org\",\"@graph\":[{\"@type\":\"WebPage\",\"@id\":\"https:\/\/securitypatent.hu\/sk\/dialkovy-dohlad\/\",\"url\":\"https:\/\/securitypatent.hu\/sk\/dialkovy-dohlad\/\",\"name\":\"Dia\u013ekov\u00fd doh\u013ead | Patent Csoport\",\"isPartOf\":{\"@id\":\"https:\/\/securitypatent.hu\/sk\/#website\"},\"datePublished\":\"2024-08-08T13:02:45+00:00\",\"dateModified\":\"2024-10-28T09:08:58+00:00\",\"breadcrumb\":{\"@id\":\"https:\/\/securitypatent.hu\/sk\/dialkovy-dohlad\/#breadcrumb\"},\"inLanguage\":\"sk-SK\",\"potentialAction\":[{\"@type\":\"ReadAction\",\"target\":[\"https:\/\/securitypatent.hu\/sk\/dialkovy-dohlad\/\"]}]},{\"@type\":\"BreadcrumbList\",\"@id\":\"https:\/\/securitypatent.hu\/sk\/dialkovy-dohlad\/#breadcrumb\",\"itemListElement\":[{\"@type\":\"ListItem\",\"position\":1,\"name\":\"Kezd\u0151lap\",\"item\":\"https:\/\/securitypatent.hu\/sk\/\"},{\"@type\":\"ListItem\",\"position\":2,\"name\":\"Dia\u013ekov\u00fd doh\u013ead\"}]},{\"@type\":\"WebSite\",\"@id\":\"https:\/\/securitypatent.hu\/sk\/#website\",\"url\":\"https:\/\/securitypatent.hu\/sk\/\",\"name\":\"Patent Csoport | A biztons\u00e1g min\u0151s\u00e9ge!\",\"description\":\"A biztons\u00e1g min\u0151s\u00e9ge!\",\"publisher\":{\"@id\":\"https:\/\/securitypatent.hu\/sk\/#organization\"},\"potentialAction\":[{\"@type\":\"SearchAction\",\"target\":{\"@type\":\"EntryPoint\",\"urlTemplate\":\"https:\/\/securitypatent.hu\/sk\/?s={search_term_string}\"},\"query-input\":{\"@type\":\"PropertyValueSpecification\",\"valueRequired\":true,\"valueName\":\"search_term_string\"}}],\"inLanguage\":\"sk-SK\"},{\"@type\":\"Organization\",\"@id\":\"https:\/\/securitypatent.hu\/sk\/#organization\",\"name\":\"Patent Csoport\",\"url\":\"https:\/\/securitypatent.hu\/sk\/\",\"logo\":{\"@type\":\"ImageObject\",\"inLanguage\":\"sk-SK\",\"@id\":\"https:\/\/securitypatent.hu\/sk\/#\/schema\/logo\/image\/\",\"url\":\"https:\/\/securitypatent.hu\/wp-content\/uploads\/2024\/05\/patent-logo-horizontal.svg\",\"contentUrl\":\"https:\/\/securitypatent.hu\/wp-content\/uploads\/2024\/05\/patent-logo-horizontal.svg\",\"caption\":\"Patent Csoport\"},\"image\":{\"@id\":\"https:\/\/securitypatent.hu\/sk\/#\/schema\/logo\/image\/\"},\"sameAs\":[\"https:\/\/www.facebook.com\/patentbiztonsag\/\",\"https:\/\/www.instagram.com\/patentsecurity\/\",\"https:\/\/www.youtube.com\/channel\/UCP8q-KgqeNxwO4GKefQRfTg\"]}]}<\/script>\n<!-- \/ Yoast SEO Premium plugin. -->","yoast_head_json":{"title":"Dia\u013ekov\u00fd doh\u013ead | Patent Csoport","robots":{"index":"index","follow":"follow","max-snippet":"max-snippet:-1","max-image-preview":"max-image-preview:large","max-video-preview":"max-video-preview:-1"},"canonical":"https:\/\/securitypatent.hu\/sk\/dialkovy-dohlad\/","og_locale":"sk_SK","og_type":"article","og_title":"Dia\u013ekov\u00fd doh\u013ead","og_description":"Slu\u017eba dia\u013ekov\u00e9ho doh\u013eadu 24\/7 ochrana a okam\u017eit\u00e1 reakcia Na\u0161a slu\u017eba dia\u013ekov\u00e9ho doh\u013eadu poskytuje nepretr\u017eit\u00fa, 24-hodinov\u00fa ochranu,...","og_url":"https:\/\/securitypatent.hu\/sk\/dialkovy-dohlad\/","og_site_name":"Patent Csoport","article_publisher":"https:\/\/www.facebook.com\/patentbiztonsag\/","article_modified_time":"2024-10-28T09:08:58+00:00","og_image":[{"width":1200,"height":336,"url":"https:\/\/securitypatent.hu\/wp-content\/uploads\/2024\/09\/blue-light-v3-1.png","type":"image\/png"}],"twitter_card":"summary_large_image","twitter_misc":{"Predpokladan\u00fd \u010das \u010d\u00edtania":"1 min\u00fata"},"schema":{"@context":"https:\/\/schema.org","@graph":[{"@type":"WebPage","@id":"https:\/\/securitypatent.hu\/sk\/dialkovy-dohlad\/","url":"https:\/\/securitypatent.hu\/sk\/dialkovy-dohlad\/","name":"Dia\u013ekov\u00fd doh\u013ead | Patent Csoport","isPartOf":{"@id":"https:\/\/securitypatent.hu\/sk\/#website"},"datePublished":"2024-08-08T13:02:45+00:00","dateModified":"2024-10-28T09:08:58+00:00","breadcrumb":{"@id":"https:\/\/securitypatent.hu\/sk\/dialkovy-dohlad\/#breadcrumb"},"inLanguage":"sk-SK","potentialAction":[{"@type":"ReadAction","target":["https:\/\/securitypatent.hu\/sk\/dialkovy-dohlad\/"]}]},{"@type":"BreadcrumbList","@id":"https:\/\/securitypatent.hu\/sk\/dialkovy-dohlad\/#breadcrumb","itemListElement":[{"@type":"ListItem","position":1,"name":"Kezd\u0151lap","item":"https:\/\/securitypatent.hu\/sk\/"},{"@type":"ListItem","position":2,"name":"Dia\u013ekov\u00fd doh\u013ead"}]},{"@type":"WebSite","@id":"https:\/\/securitypatent.hu\/sk\/#website","url":"https:\/\/securitypatent.hu\/sk\/","name":"Patent Csoport | A biztons\u00e1g min\u0151s\u00e9ge!","description":"A biztons\u00e1g min\u0151s\u00e9ge!","publisher":{"@id":"https:\/\/securitypatent.hu\/sk\/#organization"},"potentialAction":[{"@type":"SearchAction","target":{"@type":"EntryPoint","urlTemplate":"https:\/\/securitypatent.hu\/sk\/?s={search_term_string}"},"query-input":{"@type":"PropertyValueSpecification","valueRequired":true,"valueName":"search_term_string"}}],"inLanguage":"sk-SK"},{"@type":"Organization","@id":"https:\/\/securitypatent.hu\/sk\/#organization","name":"Patent Csoport","url":"https:\/\/securitypatent.hu\/sk\/","logo":{"@type":"ImageObject","inLanguage":"sk-SK","@id":"https:\/\/securitypatent.hu\/sk\/#\/schema\/logo\/image\/","url":"https:\/\/securitypatent.hu\/wp-content\/uploads\/2024\/05\/patent-logo-horizontal.svg","contentUrl":"https:\/\/securitypatent.hu\/wp-content\/uploads\/2024\/05\/patent-logo-horizontal.svg","caption":"Patent Csoport"},"image":{"@id":"https:\/\/securitypatent.hu\/sk\/#\/schema\/logo\/image\/"},"sameAs":["https:\/\/www.facebook.com\/patentbiztonsag\/","https:\/\/www.instagram.com\/patentsecurity\/","https:\/\/www.youtube.com\/channel\/UCP8q-KgqeNxwO4GKefQRfTg"]}]}},"_links":{"self":[{"href":"https:\/\/securitypatent.hu\/sk\/wp-json\/wp\/v2\/pages\/6158","targetHints":{"allow":["GET"]}}],"collection":[{"href":"https:\/\/securitypatent.hu\/sk\/wp-json\/wp\/v2\/pages"}],"about":[{"href":"https:\/\/securitypatent.hu\/sk\/wp-json\/wp\/v2\/types\/page"}],"author":[{"embeddable":true,"href":"https:\/\/securitypatent.hu\/sk\/wp-json\/wp\/v2\/users\/2"}],"replies":[{"embeddable":true,"href":"https:\/\/securitypatent.hu\/sk\/wp-json\/wp\/v2\/comments?post=6158"}],"version-history":[{"count":0,"href":"https:\/\/securitypatent.hu\/sk\/wp-json\/wp\/v2\/pages\/6158\/revisions"}],"wp:attachment":[{"href":"https:\/\/securitypatent.hu\/sk\/wp-json\/wp\/v2\/media?parent=6158"}],"curies":[{"name":"wp","href":"https:\/\/api.w.org\/{rel}","templated":true}]}}