{"id":6707,"date":"2024-06-04T19:39:38","date_gmt":"2024-06-04T17:39:38","guid":{"rendered":"https:\/\/securitypatent.hu\/?page_id=6707"},"modified":"2025-01-02T12:28:28","modified_gmt":"2025-01-02T11:28:28","slug":"quotation-request","status":"publish","type":"page","link":"https:\/\/securitypatent.hu\/en\/quotation-request\/","title":{"rendered":"Quotation request"},"content":{"rendered":"<div id=\"pl-6707\"  class=\"panel-layout\" ><div id=\"pg-6707-0\"  class=\"panel-grid panel-no-style\" ><div id=\"pgc-6707-0-0\"  class=\"panel-grid-cell\" ><div id=\"panel-6707-0-0-0\" class=\"so-panel widget widget_sow-editor panel-first-child\" data-index=\"0\" ><div\n\t\t\t\n\t\t\tclass=\"so-widget-sow-editor so-widget-sow-editor-base\"\n\t\t\t\n\t\t>\n<div class=\"siteorigin-widget-tinymce textwidget\">\n\t<h5 class=\"mb-1\">By filling out the form below, you can request a<\/h5>\n<h3 class=\"mb-4 text-lightblue\">quote from our colleague regarding the services listed below.<\/h3>\n<\/div>\n<\/div><\/div><div id=\"panel-6707-0-0-1\" class=\"so-panel widget widget_forminator_widget panel-last-child\" data-index=\"1\"><div class=\"forminator-ui forminator-custom-form forminator-custom-form-6849 forminator-design--default  forminator_ajax\" data-forminator-render=\"0\" data-form=\"forminator-module-6849\" data-uid=\"69e50ce00d4c4\"><br\/><\/div><form\r\n\t\t\t\tid=\"forminator-module-6849\"\r\n\t\t\t\tclass=\"forminator-ui forminator-custom-form forminator-custom-form-6849 forminator-design--default  forminator_ajax\"\r\n\t\t\t\tmethod=\"post\"\r\n\t\t\t\tdata-forminator-render=\"0\"\r\n\t\t\t\tdata-form-id=\"6849\"\r\n\t\t\t\t\r\n\t\t\t\tdata-design=\"default\"\r\n\t\t\t\t\r\n\t\t\t\t\r\n\t\t\t\t\r\n\t\t\t\tdata-grid=\"open\"\r\n\t\t\t\t\r\n\t\t\t\t\r\n\t\t\t\tstyle=\"display: none;\"\r\n\t\t\t\t\r\n\t\t\t\tdata-uid=\"69e50ce00d4c4\"\r\n\t\t\t><div role=\"alert\" aria-live=\"polite\" class=\"forminator-response-message forminator-error\" aria-hidden=\"true\"><\/div><div class=\"forminator-row\"><div id=\"text-3\" class=\"forminator-field-text forminator-col forminator-col-6 \"><div class=\"forminator-field\"><label for=\"forminator-field-text-3_69e50ce00d4c4\" id=\"forminator-field-text-3_69e50ce00d4c4-label\" class=\"forminator-label\">Last Name <span class=\"forminator-required\">*<\/span><\/label><input type=\"text\" name=\"text-3\" value=\"\" placeholder=\"\" id=\"forminator-field-text-3_69e50ce00d4c4\" class=\"forminator-input forminator-name--field\" data-required=\"1\" \/><\/div><\/div><div id=\"text-2\" class=\"forminator-field-text forminator-col forminator-col-6 \"><div class=\"forminator-field\"><label for=\"forminator-field-text-2_69e50ce00d4c4\" id=\"forminator-field-text-2_69e50ce00d4c4-label\" class=\"forminator-label\">First Name <span class=\"forminator-required\">*<\/span><\/label><input type=\"text\" name=\"text-2\" value=\"\" placeholder=\"\" id=\"forminator-field-text-2_69e50ce00d4c4\" class=\"forminator-input forminator-name--field\" data-required=\"1\" \/><\/div><\/div><\/div><div class=\"forminator-row\"><div id=\"email-1\" class=\"forminator-field-email forminator-col forminator-col-6 \"><div class=\"forminator-field\"><label for=\"forminator-field-email-1_69e50ce00d4c4\" id=\"forminator-field-email-1_69e50ce00d4c4-label\" class=\"forminator-label\">Email address <span class=\"forminator-required\">*<\/span><\/label><input type=\"email\" name=\"email-1\" value=\"\" placeholder=\"\" id=\"forminator-field-email-1_69e50ce00d4c4\" class=\"forminator-input forminator-email--field\" data-required=\"true\" aria-required=\"true\" aria-describedby=\"forminator-field-email-1_69e50ce00d4c4-description\" \/><span id=\"forminator-field-email-1_69e50ce00d4c4-description\" class=\"forminator-description\">E.g.: minta.peter@email.hu<\/span><\/div><\/div><div id=\"phone-1\" class=\"forminator-field-phone forminator-col forminator-col-6 \"><div class=\"forminator-field\"><label for=\"forminator-field-phone-1_69e50ce00d4c4\" id=\"forminator-field-phone-1_69e50ce00d4c4-label\" class=\"forminator-label\">Phone number <span class=\"forminator-required\">*<\/span><\/label><input type=\"text\" name=\"phone-1\" value=\"\" placeholder=\"\" id=\"forminator-field-phone-1_69e50ce00d4c4\" class=\"forminator-input forminator-field--phone\" data-required=\"1\" aria-required=\"true\" autocomplete=\"off\" aria-describedby=\"forminator-field-phone-1_69e50ce00d4c4-description\" \/><span id=\"forminator-field-phone-1_69e50ce00d4c4-description\" class=\"forminator-description\" id=\"forminator-field-phone-1_69e50ce00d4c4-description\">E.g.: +36 70 327 5678 or +36 96 512 630<\/span><\/div><\/div><\/div><div class=\"forminator-row\"><div id=\"text-1\" class=\"forminator-field-text forminator-col forminator-col-12 \"><div class=\"forminator-field\"><label for=\"forminator-field-text-1_69e50ce00d4c4\" id=\"forminator-field-text-1_69e50ce00d4c4-label\" class=\"forminator-label\">City <span class=\"forminator-required\">*<\/span><\/label><input type=\"text\" name=\"text-1\" value=\"\" placeholder=\"\" id=\"forminator-field-text-1_69e50ce00d4c4\" class=\"forminator-input forminator-name--field\" data-required=\"1\" \/><\/div><\/div><\/div><div class=\"forminator-row\"><div id=\"select-1\" class=\"forminator-field-select forminator-col forminator-col-6 \"><div class=\"forminator-field\"><label for=\"forminator-form-6849__field--select-1_69e50ce00d4c4\" id=\"forminator-form-6849__field--select-1_69e50ce00d4c4-label\" class=\"forminator-label\">Service<\/label><select  id=\"forminator-form-6849__field--select-1_69e50ce00d4c4\" class=\"forminator-select--field forminator-select2 forminator-select2-multiple\" data-required=\"\" name=\"select-1\" data-default-value=\"\" data-hidden-behavior=\"zero\" data-placeholder=\"\" data-search=\"false\" data-search-placeholder=\"\" data-checkbox=\"false\" data-allow-clear=\"false\" aria-labelledby=\"forminator-form-6849__field--select-1_69e50ce00d4c4-label\"><option value=\"kerjuk-valasszon-egy-opciot\"  data-calculation=\"0\">Please select an option.<\/option><option value=\"ingyenes-felmeres-tavfelugyeleti-szolgaltatasra\"  data-calculation=\"0\">Free survey for remote monitoring service.<\/option><option value=\"tavfelugyelet\"  data-calculation=\"0\">--- REMOTE MONITORING ---<\/option><option value=\"riasztorendszer-tervezes\"  data-calculation=\"0\">Alarm system design<\/option><option value=\"24-oras-diszpecserszolgalat\"  data-calculation=\"0\">24-hour dispatcher service<\/option><option value=\"24-oras-kivonuloszolgalat\"  data-calculation=\"0\">24-hour response service<\/option><option value=\"hokameras-videotavfelugyelet\"  data-calculation=\"0\">Thermal Camera Video Monitoring<\/option><option value=\"---\"  data-calculation=\"0\">--- MANNED SECURITY ---<\/option><option value=\"eloero-komplex-epitkezesi-belepteto-csomag\"  data-calculation=\"0\">Complex construction site access control package<\/option><option value=\"eloero-rendezvenybiztositas\"  data-calculation=\"0\">Event security<\/option><option value=\"eloero-uzem-gyar-objektum-vedelem\"  data-calculation=\"0\">Factory \/ plant \/ facility security<\/option><option value=\"eloero-vagyonvedelmi-szoftverek\"  data-calculation=\"0\">Patent Gate security software<\/option><option value=\"penzszallitas\"  data-calculation=\"0\">Cash transportation<\/option><option value=\"BIZTONS\u00c1GTECHNIKA----\"  data-calculation=\"0\">--- SECURITY TECHNOLOGY ---<\/option><option value=\"biztonsagtechnika-belepteto-rendszerek-tervezese-telepitese\"  data-calculation=\"0\">Access control systems design \/ installation<\/option><option value=\"biztonsagtechnika-kamerarendszerek-tervezese-kiepitese\"  data-calculation=\"0\">Camera systems design \/ installation<\/option><option value=\"biztonsagtechnika-riasztorendszerek-tervezese-telepitese\"  data-calculation=\"0\">Alarm systems design \/ installation<\/option><option value=\"biztonsagtechnika-tuzjelzo-rendszerek-tervezese-telepitese\"  data-calculation=\"0\">Fire alarm systems design \/ installation<\/option><option value=\"PATENT-+----------\"  data-calculation=\"0\">--- PATENT + ---<\/option><option value=\"berdiszpecser-szolgalat\"  data-calculation=\"0\">Outsourced dispatcher service<\/option><option value=\"extra-garancia\"  data-calculation=\"0\">Extra warranty<\/option><option value=\"adatvedelmi-szolgaltatas\"  data-calculation=\"0\">Data protection service<\/option><\/select><\/div><\/div><div id=\"select-2\" class=\"forminator-field-select forminator-col forminator-col-6 \"><div class=\"forminator-field\"><label for=\"forminator-form-6849__field--select-2_69e50ce00d4c4\" id=\"forminator-form-6849__field--select-2_69e50ce00d4c4-label\" class=\"forminator-label\">How did you find us \/ How do you know about us?<\/label><select  id=\"forminator-form-6849__field--select-2_69e50ce00d4c4\" class=\"forminator-select--field forminator-select2 forminator-select2-multiple\" data-required=\"\" name=\"select-2\" data-default-value=\"\" data-hidden-behavior=\"zero\" data-placeholder=\"\" data-search=\"false\" data-search-placeholder=\"\" data-checkbox=\"false\" data-allow-clear=\"false\" aria-labelledby=\"forminator-form-6849__field--select-2_69e50ce00d4c4-label\"><option value=\"K\u00e9rj\u00fck-v\u00e1lasszon-egy-opci\u00f3t\"  data-calculation=\"0\">Please select an option.<\/option><option value=\"one\"  data-calculation=\"0\">Google<\/option><option value=\"two\"  data-calculation=\"0\">Social media (Facebook, Instagram)<\/option><option value=\"R\u00e1di\u00f3,-TV\"  data-calculation=\"0\">Radio, TV<\/option><option value=\"\u00dajs\u00e1g\"  data-calculation=\"0\">Newspaper<\/option><option value=\"Ismer\u0151s-aj\u00e1nl\u00e1sa\"  data-calculation=\"0\">Recommendation from an acquaintance<\/option><\/select><\/div><\/div><\/div><div class=\"forminator-row\"><div id=\"textarea-1\" class=\"forminator-field-textarea forminator-col forminator-col-12 \"><div class=\"forminator-field\"><label for=\"forminator-field-textarea-1_69e50ce00d4c4\" id=\"forminator-field-textarea-1_69e50ce00d4c4-label\" class=\"forminator-label\">Comment<\/label><textarea name=\"textarea-1\" placeholder=\"You can write your comment here...\" id=\"forminator-field-textarea-1_69e50ce00d4c4\" class=\"forminator-textarea\" rows=\"6\" style=\"min-height:140px;\" maxlength=\"360\" ><\/textarea><span id=\"forminator-field-textarea-1_69e50ce00d4c4-description\" class=\"forminator-description\"><span data-limit=\"360\" data-type=\"characters\" data-editor=\"\">0 \/ 360<\/span><\/span><\/div><\/div><\/div><div class=\"forminator-row\"><div id=\"consent-1\" class=\"forminator-field-consent forminator-col forminator-col-12  d-flex align-items-baseline\"><div class=\"forminator-field\"><div class=\"forminator-checkbox__wrapper\"><label for=\"forminator-field-consent-1_69e50ce00d4c4\" id=\"forminator-field-consent-1_69e50ce00d4c4__label\" class=\"forminator-checkbox forminator-consent\"><input type=\"checkbox\" name=\"consent-1\" id=\"forminator-field-consent-1_69e50ce00d4c4\" value=\"checked\" aria-labelledby=\"forminator-field-consent-1_69e50ce00d4c4-label\" aria-describedby=\"forminator-field-consent-1_69e50ce00d4c4__description\" data-required=\"true\" aria-required=\"true\" \/><span class=\"forminator-checkbox-box\" aria-hidden=\"true\"><\/span><\/label><div id=\"forminator-field-consent-1_69e50ce00d4c4__description\" class=\"forminator-checkbox__label forminator-consent__label\"><p>By checking the checkbox, I consent to the data controller processing my personal data provided now in accordance with the terms of the <a href=\"https:\/\/securitypatent.hu\/en\/privacy-policy\/\">Privacy Statement<\/a>.<\/p><\/div><\/div><\/div><\/div><\/div><div class=\"forminator-row\"><\/div><input type=\"hidden\" name=\"referer_url\" value=\"\" \/><div class=\"forminator-row forminator-row-last\"><div class=\"forminator-col\"><div class=\"forminator-field\"><button class=\"forminator-button forminator-button-submit\">Submit quote request<\/button><\/div><\/div><\/div><input type=\"hidden\" id=\"forminator_nonce\" name=\"forminator_nonce\" value=\"7bb2400631\" \/><input type=\"hidden\" name=\"_wp_http_referer\" value=\"\/en\/wp-json\/wp\/v2\/pages\/6707\" \/><input type=\"hidden\" name=\"form_id\" value=\"6849\"><input type=\"hidden\" name=\"page_id\" value=\"6707\"><input type=\"hidden\" name=\"form_type\" value=\"default\"><input type=\"hidden\" name=\"current_url\" value=\"https:\/\/securitypatent.hu\/en\/quotation-request\/\"><input type=\"hidden\" name=\"render_id\" value=\"0\"><input type=\"hidden\" name=\"action\" value=\"forminator_submit_form_custom-forms\"><label for=\"input_10\" class=\"forminator-hidden\" aria-hidden=\"true\">Please do not fill in this field. <input id=\"input_10\" type=\"text\" name=\"input_10\" value=\"\" autocomplete=\"off\"><\/label><\/form><\/div><\/div><\/div><\/div>","protected":false},"excerpt":{"rendered":"<p>By filling out the form below, you can request a quote from our colleague regarding the&#8230;<\/p>\n","protected":false},"author":6,"featured_media":0,"parent":0,"menu_order":10,"comment_status":"closed","ping_status":"closed","template":"","meta":{"_acf_changed":false,"footnotes":""},"class_list":["post-6707","page","type-page","status-publish","hentry"],"acf":[],"yoast_head":"<!-- This site is optimized with the Yoast SEO Premium plugin v26.6 (Yoast SEO v26.6) - https:\/\/yoast.com\/wordpress\/plugins\/seo\/ -->\n<title>Quotation request | Patent Csoport<\/title>\n<meta name=\"robots\" content=\"index, follow, max-snippet:-1, max-image-preview:large, max-video-preview:-1\" \/>\n<link rel=\"canonical\" href=\"https:\/\/securitypatent.hu\/en\/quotation-request\/\" \/>\n<meta property=\"og:locale\" content=\"en_US\" \/>\n<meta property=\"og:type\" content=\"article\" \/>\n<meta property=\"og:title\" content=\"Quotation request\" \/>\n<meta property=\"og:description\" content=\"By filling out the form below, you can request a quote from our colleague regarding the...\" \/>\n<meta property=\"og:url\" content=\"https:\/\/securitypatent.hu\/en\/quotation-request\/\" \/>\n<meta property=\"og:site_name\" content=\"Patent Csoport\" \/>\n<meta property=\"article:publisher\" content=\"https:\/\/www.facebook.com\/patentbiztonsag\/\" \/>\n<meta property=\"article:modified_time\" content=\"2025-01-02T11:28:28+00:00\" \/>\n<meta property=\"og:image\" content=\"https:\/\/securitypatent.hu\/wp-content\/uploads\/2024\/09\/blue-light-v3-1.png\" \/>\n\t<meta property=\"og:image:width\" content=\"1200\" \/>\n\t<meta property=\"og:image:height\" content=\"336\" \/>\n\t<meta property=\"og:image:type\" content=\"image\/png\" \/>\n<meta name=\"twitter:card\" content=\"summary_large_image\" \/>\n<script type=\"application\/ld+json\" class=\"yoast-schema-graph\">{\"@context\":\"https:\/\/schema.org\",\"@graph\":[{\"@type\":\"WebPage\",\"@id\":\"https:\/\/securitypatent.hu\/en\/quotation-request\/\",\"url\":\"https:\/\/securitypatent.hu\/en\/quotation-request\/\",\"name\":\"Quotation request | Patent Csoport\",\"isPartOf\":{\"@id\":\"https:\/\/securitypatent.hu\/en\/#website\"},\"datePublished\":\"2024-06-04T17:39:38+00:00\",\"dateModified\":\"2025-01-02T11:28:28+00:00\",\"breadcrumb\":{\"@id\":\"https:\/\/securitypatent.hu\/en\/quotation-request\/#breadcrumb\"},\"inLanguage\":\"en-US\",\"potentialAction\":[{\"@type\":\"ReadAction\",\"target\":[\"https:\/\/securitypatent.hu\/en\/quotation-request\/\"]}]},{\"@type\":\"BreadcrumbList\",\"@id\":\"https:\/\/securitypatent.hu\/en\/quotation-request\/#breadcrumb\",\"itemListElement\":[{\"@type\":\"ListItem\",\"position\":1,\"name\":\"Kezd\u0151lap\",\"item\":\"https:\/\/securitypatent.hu\/en\/\"},{\"@type\":\"ListItem\",\"position\":2,\"name\":\"Quotation request\"}]},{\"@type\":\"WebSite\",\"@id\":\"https:\/\/securitypatent.hu\/en\/#website\",\"url\":\"https:\/\/securitypatent.hu\/en\/\",\"name\":\"Patent Csoport | A biztons\u00e1g min\u0151s\u00e9ge!\",\"description\":\"The quality of security!\",\"publisher\":{\"@id\":\"https:\/\/securitypatent.hu\/en\/#organization\"},\"potentialAction\":[{\"@type\":\"SearchAction\",\"target\":{\"@type\":\"EntryPoint\",\"urlTemplate\":\"https:\/\/securitypatent.hu\/en\/?s={search_term_string}\"},\"query-input\":{\"@type\":\"PropertyValueSpecification\",\"valueRequired\":true,\"valueName\":\"search_term_string\"}}],\"inLanguage\":\"en-US\"},{\"@type\":\"Organization\",\"@id\":\"https:\/\/securitypatent.hu\/en\/#organization\",\"name\":\"Patent Csoport\",\"url\":\"https:\/\/securitypatent.hu\/en\/\",\"logo\":{\"@type\":\"ImageObject\",\"inLanguage\":\"en-US\",\"@id\":\"https:\/\/securitypatent.hu\/en\/#\/schema\/logo\/image\/\",\"url\":\"https:\/\/securitypatent.hu\/wp-content\/uploads\/2024\/05\/patent-logo-horizontal.svg\",\"contentUrl\":\"https:\/\/securitypatent.hu\/wp-content\/uploads\/2024\/05\/patent-logo-horizontal.svg\",\"caption\":\"Patent Csoport\"},\"image\":{\"@id\":\"https:\/\/securitypatent.hu\/en\/#\/schema\/logo\/image\/\"},\"sameAs\":[\"https:\/\/www.facebook.com\/patentbiztonsag\/\",\"https:\/\/www.instagram.com\/patentsecurity\/\",\"https:\/\/www.youtube.com\/channel\/UCP8q-KgqeNxwO4GKefQRfTg\"]}]}<\/script>\n<!-- \/ Yoast SEO Premium plugin. -->","yoast_head_json":{"title":"Quotation request | Patent Csoport","robots":{"index":"index","follow":"follow","max-snippet":"max-snippet:-1","max-image-preview":"max-image-preview:large","max-video-preview":"max-video-preview:-1"},"canonical":"https:\/\/securitypatent.hu\/en\/quotation-request\/","og_locale":"en_US","og_type":"article","og_title":"Quotation request","og_description":"By filling out the form below, you can request a quote from our colleague regarding the...","og_url":"https:\/\/securitypatent.hu\/en\/quotation-request\/","og_site_name":"Patent Csoport","article_publisher":"https:\/\/www.facebook.com\/patentbiztonsag\/","article_modified_time":"2025-01-02T11:28:28+00:00","og_image":[{"width":1200,"height":336,"url":"https:\/\/securitypatent.hu\/wp-content\/uploads\/2024\/09\/blue-light-v3-1.png","type":"image\/png"}],"twitter_card":"summary_large_image","schema":{"@context":"https:\/\/schema.org","@graph":[{"@type":"WebPage","@id":"https:\/\/securitypatent.hu\/en\/quotation-request\/","url":"https:\/\/securitypatent.hu\/en\/quotation-request\/","name":"Quotation request | Patent Csoport","isPartOf":{"@id":"https:\/\/securitypatent.hu\/en\/#website"},"datePublished":"2024-06-04T17:39:38+00:00","dateModified":"2025-01-02T11:28:28+00:00","breadcrumb":{"@id":"https:\/\/securitypatent.hu\/en\/quotation-request\/#breadcrumb"},"inLanguage":"en-US","potentialAction":[{"@type":"ReadAction","target":["https:\/\/securitypatent.hu\/en\/quotation-request\/"]}]},{"@type":"BreadcrumbList","@id":"https:\/\/securitypatent.hu\/en\/quotation-request\/#breadcrumb","itemListElement":[{"@type":"ListItem","position":1,"name":"Kezd\u0151lap","item":"https:\/\/securitypatent.hu\/en\/"},{"@type":"ListItem","position":2,"name":"Quotation request"}]},{"@type":"WebSite","@id":"https:\/\/securitypatent.hu\/en\/#website","url":"https:\/\/securitypatent.hu\/en\/","name":"Patent Csoport | A biztons\u00e1g min\u0151s\u00e9ge!","description":"The quality of security!","publisher":{"@id":"https:\/\/securitypatent.hu\/en\/#organization"},"potentialAction":[{"@type":"SearchAction","target":{"@type":"EntryPoint","urlTemplate":"https:\/\/securitypatent.hu\/en\/?s={search_term_string}"},"query-input":{"@type":"PropertyValueSpecification","valueRequired":true,"valueName":"search_term_string"}}],"inLanguage":"en-US"},{"@type":"Organization","@id":"https:\/\/securitypatent.hu\/en\/#organization","name":"Patent Csoport","url":"https:\/\/securitypatent.hu\/en\/","logo":{"@type":"ImageObject","inLanguage":"en-US","@id":"https:\/\/securitypatent.hu\/en\/#\/schema\/logo\/image\/","url":"https:\/\/securitypatent.hu\/wp-content\/uploads\/2024\/05\/patent-logo-horizontal.svg","contentUrl":"https:\/\/securitypatent.hu\/wp-content\/uploads\/2024\/05\/patent-logo-horizontal.svg","caption":"Patent Csoport"},"image":{"@id":"https:\/\/securitypatent.hu\/en\/#\/schema\/logo\/image\/"},"sameAs":["https:\/\/www.facebook.com\/patentbiztonsag\/","https:\/\/www.instagram.com\/patentsecurity\/","https:\/\/www.youtube.com\/channel\/UCP8q-KgqeNxwO4GKefQRfTg"]}]}},"_links":{"self":[{"href":"https:\/\/securitypatent.hu\/en\/wp-json\/wp\/v2\/pages\/6707","targetHints":{"allow":["GET"]}}],"collection":[{"href":"https:\/\/securitypatent.hu\/en\/wp-json\/wp\/v2\/pages"}],"about":[{"href":"https:\/\/securitypatent.hu\/en\/wp-json\/wp\/v2\/types\/page"}],"author":[{"embeddable":true,"href":"https:\/\/securitypatent.hu\/en\/wp-json\/wp\/v2\/users\/6"}],"replies":[{"embeddable":true,"href":"https:\/\/securitypatent.hu\/en\/wp-json\/wp\/v2\/comments?post=6707"}],"version-history":[{"count":0,"href":"https:\/\/securitypatent.hu\/en\/wp-json\/wp\/v2\/pages\/6707\/revisions"}],"wp:attachment":[{"href":"https:\/\/securitypatent.hu\/en\/wp-json\/wp\/v2\/media?parent=6707"}],"curies":[{"name":"wp","href":"https:\/\/api.w.org\/{rel}","templated":true}]}}