{"id":6122,"date":"2024-08-08T15:25:36","date_gmt":"2024-08-08T13:25:36","guid":{"rendered":"https:\/\/securitypatent.hu\/manned-security\/"},"modified":"2024-08-08T15:25:36","modified_gmt":"2024-08-08T13:25:36","slug":"manned-security","status":"publish","type":"page","link":"https:\/\/securitypatent.hu\/en\/manned-security\/","title":{"rendered":"Manned Security"},"content":{"rendered":"<div id=\"pl-6122\"  class=\"panel-layout\" ><div id=\"pg-6122-0\"  class=\"panel-grid panel-no-style\" ><div id=\"pgc-6122-0-0\"  class=\"panel-grid-cell\" ><div class=\"ptnt-content__block panel-cell-style panel-cell-style-for-6122-0-0\" ><div id=\"panel-6122-0-0-0\" class=\"so-panel widget widget_sow-editor panel-first-child panel-last-child\" data-index=\"0\" ><div\n\t\t\t\n\t\t\tclass=\"so-widget-sow-editor so-widget-sow-editor-base\"\n\t\t\t\n\t\t>\n<div class=\"siteorigin-widget-tinymce textwidget\">\n\t<h3>Manned Security Protection<\/h3>\n<p>&nbsp;<\/p>\n<p>Patent provides professional protection for factories, facilities, and events, using modern technologies and trained security guards.<\/p>\n<p>&nbsp;<\/p>\n<h4>Technological Support<\/h4>\n<ul>\n<li>Alarm systems, cameras, access control units, facial recognition<\/li>\n<li>Drones and artificial intelligence for automated monitoring<\/li>\n<\/ul>\n<h4>Continuous Training<\/h4>\n<ul>\n<li>Our security guards receive ongoing e-learning training to stay updated with the latest security solutions.<\/li>\n<\/ul>\n<h4>Access Control and Reception Services<\/h4>\n<ul>\n<li>Modern access control systems and professional reception staff for smooth operations.<\/li>\n<\/ul>\n<\/div>\n<\/div><\/div><\/div><\/div><div id=\"pgc-6122-0-1\"  class=\"panel-grid-cell\" ><div id=\"panel-6122-0-1-0\" class=\"so-panel widget widget_ndm-img-banner panel-first-child panel-last-child\" data-index=\"1\" ><div\n\t\t\t\n\t\t\tclass=\"so-widget-ndm-img-banner so-widget-ndm-img-banner-default-d75171398898-6122\"\n\t\t\t\n\t\t><div class=\"ptnt-ib__img\"><img decoding=\"async\" src=\"https:\/\/securitypatent.hu\/wp-content\/uploads\/2024\/10\/patent-eloero-1.jpg\"title=\"Manned Security\" ><\/div><\/div><\/div><\/div><\/div><\/div>","protected":false},"excerpt":{"rendered":"<p>Manned Security Protection &nbsp; Patent provides professional protection for factories, facilities, and events, using modern technologies&#8230;<\/p>\n","protected":false},"author":2,"featured_media":0,"parent":0,"menu_order":0,"comment_status":"closed","ping_status":"closed","template":"page-eloero.php","meta":{"_acf_changed":false,"footnotes":""},"class_list":["post-6122","page","type-page","status-publish","hentry"],"acf":[],"yoast_head":"<!-- This site is optimized with the Yoast SEO Premium plugin v26.6 (Yoast SEO v26.6) - https:\/\/yoast.com\/wordpress\/plugins\/seo\/ -->\n<title>Manned Security | Patent Csoport<\/title>\n<meta name=\"robots\" content=\"index, follow, max-snippet:-1, max-image-preview:large, max-video-preview:-1\" \/>\n<link rel=\"canonical\" href=\"https:\/\/securitypatent.hu\/en\/manned-security\/\" \/>\n<meta property=\"og:locale\" content=\"en_US\" \/>\n<meta property=\"og:type\" content=\"article\" \/>\n<meta property=\"og:title\" content=\"Manned Security\" \/>\n<meta property=\"og:description\" content=\"Manned Security Protection &nbsp; Patent provides professional protection for factories, facilities, and events, using modern technologies...\" \/>\n<meta property=\"og:url\" content=\"https:\/\/securitypatent.hu\/en\/manned-security\/\" \/>\n<meta property=\"og:site_name\" content=\"Patent Csoport\" \/>\n<meta property=\"article:publisher\" content=\"https:\/\/www.facebook.com\/patentbiztonsag\/\" \/>\n<meta property=\"og:image\" content=\"https:\/\/securitypatent.hu\/wp-content\/uploads\/2024\/09\/blue-light-v3-1.png\" \/>\n\t<meta property=\"og:image:width\" content=\"1200\" \/>\n\t<meta property=\"og:image:height\" content=\"336\" \/>\n\t<meta property=\"og:image:type\" content=\"image\/png\" \/>\n<meta name=\"twitter:card\" content=\"summary_large_image\" \/>\n<script type=\"application\/ld+json\" class=\"yoast-schema-graph\">{\"@context\":\"https:\/\/schema.org\",\"@graph\":[{\"@type\":\"WebPage\",\"@id\":\"https:\/\/securitypatent.hu\/en\/manned-security\/\",\"url\":\"https:\/\/securitypatent.hu\/en\/manned-security\/\",\"name\":\"Manned Security | Patent Csoport\",\"isPartOf\":{\"@id\":\"https:\/\/securitypatent.hu\/en\/#website\"},\"datePublished\":\"2024-08-08T13:25:36+00:00\",\"breadcrumb\":{\"@id\":\"https:\/\/securitypatent.hu\/en\/manned-security\/#breadcrumb\"},\"inLanguage\":\"en-US\",\"potentialAction\":[{\"@type\":\"ReadAction\",\"target\":[\"https:\/\/securitypatent.hu\/en\/manned-security\/\"]}]},{\"@type\":\"BreadcrumbList\",\"@id\":\"https:\/\/securitypatent.hu\/en\/manned-security\/#breadcrumb\",\"itemListElement\":[{\"@type\":\"ListItem\",\"position\":1,\"name\":\"Kezd\u0151lap\",\"item\":\"https:\/\/securitypatent.hu\/en\/\"},{\"@type\":\"ListItem\",\"position\":2,\"name\":\"Manned Security\"}]},{\"@type\":\"WebSite\",\"@id\":\"https:\/\/securitypatent.hu\/en\/#website\",\"url\":\"https:\/\/securitypatent.hu\/en\/\",\"name\":\"Patent Csoport | A biztons\u00e1g min\u0151s\u00e9ge!\",\"description\":\"The quality of security!\",\"publisher\":{\"@id\":\"https:\/\/securitypatent.hu\/en\/#organization\"},\"potentialAction\":[{\"@type\":\"SearchAction\",\"target\":{\"@type\":\"EntryPoint\",\"urlTemplate\":\"https:\/\/securitypatent.hu\/en\/?s={search_term_string}\"},\"query-input\":{\"@type\":\"PropertyValueSpecification\",\"valueRequired\":true,\"valueName\":\"search_term_string\"}}],\"inLanguage\":\"en-US\"},{\"@type\":\"Organization\",\"@id\":\"https:\/\/securitypatent.hu\/en\/#organization\",\"name\":\"Patent Csoport\",\"url\":\"https:\/\/securitypatent.hu\/en\/\",\"logo\":{\"@type\":\"ImageObject\",\"inLanguage\":\"en-US\",\"@id\":\"https:\/\/securitypatent.hu\/en\/#\/schema\/logo\/image\/\",\"url\":\"https:\/\/securitypatent.hu\/wp-content\/uploads\/2024\/05\/patent-logo-horizontal.svg\",\"contentUrl\":\"https:\/\/securitypatent.hu\/wp-content\/uploads\/2024\/05\/patent-logo-horizontal.svg\",\"caption\":\"Patent Csoport\"},\"image\":{\"@id\":\"https:\/\/securitypatent.hu\/en\/#\/schema\/logo\/image\/\"},\"sameAs\":[\"https:\/\/www.facebook.com\/patentbiztonsag\/\",\"https:\/\/www.instagram.com\/patentsecurity\/\",\"https:\/\/www.youtube.com\/channel\/UCP8q-KgqeNxwO4GKefQRfTg\"]}]}<\/script>\n<!-- \/ Yoast SEO Premium plugin. -->","yoast_head_json":{"title":"Manned Security | Patent Csoport","robots":{"index":"index","follow":"follow","max-snippet":"max-snippet:-1","max-image-preview":"max-image-preview:large","max-video-preview":"max-video-preview:-1"},"canonical":"https:\/\/securitypatent.hu\/en\/manned-security\/","og_locale":"en_US","og_type":"article","og_title":"Manned Security","og_description":"Manned Security Protection &nbsp; Patent provides professional protection for factories, facilities, and events, using modern technologies...","og_url":"https:\/\/securitypatent.hu\/en\/manned-security\/","og_site_name":"Patent Csoport","article_publisher":"https:\/\/www.facebook.com\/patentbiztonsag\/","og_image":[{"width":1200,"height":336,"url":"https:\/\/securitypatent.hu\/wp-content\/uploads\/2024\/09\/blue-light-v3-1.png","type":"image\/png"}],"twitter_card":"summary_large_image","schema":{"@context":"https:\/\/schema.org","@graph":[{"@type":"WebPage","@id":"https:\/\/securitypatent.hu\/en\/manned-security\/","url":"https:\/\/securitypatent.hu\/en\/manned-security\/","name":"Manned Security | Patent Csoport","isPartOf":{"@id":"https:\/\/securitypatent.hu\/en\/#website"},"datePublished":"2024-08-08T13:25:36+00:00","breadcrumb":{"@id":"https:\/\/securitypatent.hu\/en\/manned-security\/#breadcrumb"},"inLanguage":"en-US","potentialAction":[{"@type":"ReadAction","target":["https:\/\/securitypatent.hu\/en\/manned-security\/"]}]},{"@type":"BreadcrumbList","@id":"https:\/\/securitypatent.hu\/en\/manned-security\/#breadcrumb","itemListElement":[{"@type":"ListItem","position":1,"name":"Kezd\u0151lap","item":"https:\/\/securitypatent.hu\/en\/"},{"@type":"ListItem","position":2,"name":"Manned Security"}]},{"@type":"WebSite","@id":"https:\/\/securitypatent.hu\/en\/#website","url":"https:\/\/securitypatent.hu\/en\/","name":"Patent Csoport | A biztons\u00e1g min\u0151s\u00e9ge!","description":"The quality of security!","publisher":{"@id":"https:\/\/securitypatent.hu\/en\/#organization"},"potentialAction":[{"@type":"SearchAction","target":{"@type":"EntryPoint","urlTemplate":"https:\/\/securitypatent.hu\/en\/?s={search_term_string}"},"query-input":{"@type":"PropertyValueSpecification","valueRequired":true,"valueName":"search_term_string"}}],"inLanguage":"en-US"},{"@type":"Organization","@id":"https:\/\/securitypatent.hu\/en\/#organization","name":"Patent Csoport","url":"https:\/\/securitypatent.hu\/en\/","logo":{"@type":"ImageObject","inLanguage":"en-US","@id":"https:\/\/securitypatent.hu\/en\/#\/schema\/logo\/image\/","url":"https:\/\/securitypatent.hu\/wp-content\/uploads\/2024\/05\/patent-logo-horizontal.svg","contentUrl":"https:\/\/securitypatent.hu\/wp-content\/uploads\/2024\/05\/patent-logo-horizontal.svg","caption":"Patent Csoport"},"image":{"@id":"https:\/\/securitypatent.hu\/en\/#\/schema\/logo\/image\/"},"sameAs":["https:\/\/www.facebook.com\/patentbiztonsag\/","https:\/\/www.instagram.com\/patentsecurity\/","https:\/\/www.youtube.com\/channel\/UCP8q-KgqeNxwO4GKefQRfTg"]}]}},"_links":{"self":[{"href":"https:\/\/securitypatent.hu\/en\/wp-json\/wp\/v2\/pages\/6122","targetHints":{"allow":["GET"]}}],"collection":[{"href":"https:\/\/securitypatent.hu\/en\/wp-json\/wp\/v2\/pages"}],"about":[{"href":"https:\/\/securitypatent.hu\/en\/wp-json\/wp\/v2\/types\/page"}],"author":[{"embeddable":true,"href":"https:\/\/securitypatent.hu\/en\/wp-json\/wp\/v2\/users\/2"}],"replies":[{"embeddable":true,"href":"https:\/\/securitypatent.hu\/en\/wp-json\/wp\/v2\/comments?post=6122"}],"version-history":[{"count":0,"href":"https:\/\/securitypatent.hu\/en\/wp-json\/wp\/v2\/pages\/6122\/revisions"}],"wp:attachment":[{"href":"https:\/\/securitypatent.hu\/en\/wp-json\/wp\/v2\/media?parent=6122"}],"curies":[{"name":"wp","href":"https:\/\/api.w.org\/{rel}","templated":true}]}}