{"id":6103,"date":"2024-06-25T14:56:05","date_gmt":"2024-06-25T12:56:05","guid":{"rendered":"https:\/\/securitypatent.hu\/?page_id=6103"},"modified":"2025-01-10T09:15:08","modified_gmt":"2025-01-10T08:15:08","slug":"our-introduction-materials","status":"publish","type":"page","link":"https:\/\/securitypatent.hu\/en\/our-introduction-materials\/","title":{"rendered":"Introduction materials"},"content":{"rendered":"<div id=\"pl-6103\"  class=\"panel-layout\" ><div id=\"pg-6103-0\"  class=\"panel-grid panel-has-style\" ><div class=\"panel-row-style panel-row-style-for-6103-0\" ><div id=\"pgc-6103-0-0\"  class=\"panel-grid-cell\" ><div id=\"panel-6103-0-0-0\" class=\"widget_text so-panel widget widget_custom_html panel-first-child\" data-index=\"0\" ><div class=\"textwidget custom-html-widget\"><a href=\"https:\/\/www.figma.com\/proto\/NSNTwy1TK8UxBmXb8mFR9q\/Patent?type=design&node-id=1929-124360&scaling=scale-down-width&page-id=1929%3A124306&starting-point-node-id=1929%3A124360&disable-default-keyboard-nav=1&hotspot-hints=0&hide-ui=1\" target=\"_blank\"><img decoding=\"async\" src=\"\/wp-content\/uploads\/2024\/08\/eloero_bemutato-1.png\" title=\"Our presentation materials\"><\/a><\/div><\/div><div id=\"panel-6103-0-0-1\" class=\"so-panel widget widget_ndm-btn panel-last-child\" data-index=\"1\" ><div\n\t\t\t\n\t\t\tclass=\"so-widget-ndm-btn so-widget-ndm-btn-default-d75171398898-6103\"\n\t\t\t\n\t\t><a href=\"https:\/\/www.figma.com\/proto\/NSNTwy1TK8UxBmXb8mFR9q\/Patent?type=design&node-id=1929-124360&scaling=scale-down-width&page-id=1929%3A124306&starting-point-node-id=1929%3A124360&disable-default-keyboard-nav=1&hotspot-hints=0&hide-ui=1\" class=\"btn\r\n\t btn--w-icon w-100 btn-primary btn--large\">\r\n\t<span>Manned security demonstration<\/span>\r\n\t<svg width=\"19\" height=\"16\" viewBox=\"0 0 19 16\" fill=\"none\" xmlns=\"http:\/\/www.w3.org\/2000\/svg\"><path fill-rule=\"evenodd\" clip-rule=\"evenodd\" d=\"M9.79289 0.292893C9.40237 0.683417 9.40237 1.31658 9.79289 1.70711L15.0858 7H1.5C0.947716 7 0.5 7.44772 0.5 8C0.5 8.55228 0.947716 9 1.5 9H15.0858L9.79289 14.2929C9.40237 14.6834 9.40237 15.3166 9.79289 15.7071C10.1834 16.0976 10.8166 16.0976 11.2071 15.7071L18.2071 8.70711C18.5976 8.31658 18.5976 7.68342 18.2071 7.29289L11.2071 0.292893C10.8166 -0.0976311 10.1834 -0.0976311 9.79289 0.292893Z\"><\/path><\/svg><\/a><\/div><\/div><\/div><div id=\"pgc-6103-0-1\"  class=\"panel-grid-cell\" ><div id=\"panel-6103-0-1-0\" class=\"widget_text so-panel widget widget_custom_html panel-first-child\" data-index=\"2\" ><div class=\"textwidget custom-html-widget\"><a href=\"https:\/\/www.figma.com\/proto\/NSNTwy1TK8UxBmXb8mFR9q\/Patent?type=design&node-id=1929-124360&scaling=scale-down-width&page-id=1929%3A124306&starting-point-node-id=1929%3A124360&disable-default-keyboard-nav=1&hotspot-hints=0&hide-ui=1\" target=\"_blank\"><img decoding=\"async\" src=\"\/wp-content\/uploads\/2024\/08\/tavfelugyelet_bemutato-1.png\" title=\"T\u00e1vfel\u00fcgyelet bemutat\u00f3\"><\/a><\/div><\/div><div id=\"panel-6103-0-1-1\" class=\"so-panel widget widget_ndm-btn panel-last-child\" data-index=\"3\" ><div\n\t\t\t\n\t\t\tclass=\"so-widget-ndm-btn so-widget-ndm-btn-default-d75171398898-6103\"\n\t\t\t\n\t\t><a href=\"https:\/\/www.figma.com\/proto\/NSNTwy1TK8UxBmXb8mFR9q\/Patent?type=design&node-id=1929-124360&scaling=scale-down-width&page-id=1929%3A124306&starting-point-node-id=1929%3A124360&disable-default-keyboard-nav=1&hotspot-hints=0&hide-ui=1\" class=\"btn\r\n\t btn--w-icon btn-primary btn--large\">\r\n\t<span>Remote monitoring demonstration<\/span>\r\n\t<svg width=\"19\" height=\"16\" viewBox=\"0 0 19 16\" fill=\"none\" xmlns=\"http:\/\/www.w3.org\/2000\/svg\"><path fill-rule=\"evenodd\" clip-rule=\"evenodd\" d=\"M9.79289 0.292893C9.40237 0.683417 9.40237 1.31658 9.79289 1.70711L15.0858 7H1.5C0.947716 7 0.5 7.44772 0.5 8C0.5 8.55228 0.947716 9 1.5 9H15.0858L9.79289 14.2929C9.40237 14.6834 9.40237 15.3166 9.79289 15.7071C10.1834 16.0976 10.8166 16.0976 11.2071 15.7071L18.2071 8.70711C18.5976 8.31658 18.5976 7.68342 18.2071 7.29289L11.2071 0.292893C10.8166 -0.0976311 10.1834 -0.0976311 9.79289 0.292893Z\"><\/path><\/svg><\/a><\/div><\/div><\/div><\/div><\/div><\/div>","protected":false},"excerpt":{"rendered":"<p>Manned security demonstration Remote monitoring demonstration<\/p>\n","protected":false},"author":3,"featured_media":0,"parent":0,"menu_order":0,"comment_status":"closed","ping_status":"closed","template":"","meta":{"_acf_changed":false,"footnotes":""},"class_list":["post-6103","page","type-page","status-publish","hentry"],"acf":[],"yoast_head":"<!-- This site is optimized with the Yoast SEO Premium plugin v26.6 (Yoast SEO v26.6) - https:\/\/yoast.com\/wordpress\/plugins\/seo\/ -->\n<title>Introduction materials | Patent Csoport<\/title>\n<meta name=\"robots\" content=\"index, follow, max-snippet:-1, max-image-preview:large, max-video-preview:-1\" \/>\n<link rel=\"canonical\" href=\"https:\/\/securitypatent.hu\/en\/our-introduction-materials\/\" \/>\n<meta property=\"og:locale\" content=\"en_US\" \/>\n<meta property=\"og:type\" content=\"article\" \/>\n<meta property=\"og:title\" content=\"Introduction materials\" \/>\n<meta property=\"og:description\" content=\"Manned security demonstration Remote monitoring demonstration\" \/>\n<meta property=\"og:url\" content=\"https:\/\/securitypatent.hu\/en\/our-introduction-materials\/\" \/>\n<meta property=\"og:site_name\" content=\"Patent Csoport\" \/>\n<meta property=\"article:publisher\" content=\"https:\/\/www.facebook.com\/patentbiztonsag\/\" \/>\n<meta property=\"article:modified_time\" content=\"2025-01-10T08:15:08+00:00\" \/>\n<meta property=\"og:image\" content=\"https:\/\/securitypatent.hu\/wp-content\/uploads\/2024\/09\/blue-light-v3-1.png\" \/>\n\t<meta property=\"og:image:width\" content=\"1200\" \/>\n\t<meta property=\"og:image:height\" content=\"336\" \/>\n\t<meta property=\"og:image:type\" content=\"image\/png\" \/>\n<meta name=\"twitter:card\" content=\"summary_large_image\" \/>\n<script type=\"application\/ld+json\" class=\"yoast-schema-graph\">{\"@context\":\"https:\/\/schema.org\",\"@graph\":[{\"@type\":\"WebPage\",\"@id\":\"https:\/\/securitypatent.hu\/en\/our-introduction-materials\/\",\"url\":\"https:\/\/securitypatent.hu\/en\/our-introduction-materials\/\",\"name\":\"Introduction materials | Patent Csoport\",\"isPartOf\":{\"@id\":\"https:\/\/securitypatent.hu\/en\/#website\"},\"datePublished\":\"2024-06-25T12:56:05+00:00\",\"dateModified\":\"2025-01-10T08:15:08+00:00\",\"breadcrumb\":{\"@id\":\"https:\/\/securitypatent.hu\/en\/our-introduction-materials\/#breadcrumb\"},\"inLanguage\":\"en-US\",\"potentialAction\":[{\"@type\":\"ReadAction\",\"target\":[\"https:\/\/securitypatent.hu\/en\/our-introduction-materials\/\"]}]},{\"@type\":\"BreadcrumbList\",\"@id\":\"https:\/\/securitypatent.hu\/en\/our-introduction-materials\/#breadcrumb\",\"itemListElement\":[{\"@type\":\"ListItem\",\"position\":1,\"name\":\"Kezd\u0151lap\",\"item\":\"https:\/\/securitypatent.hu\/en\/\"},{\"@type\":\"ListItem\",\"position\":2,\"name\":\"Introduction materials\"}]},{\"@type\":\"WebSite\",\"@id\":\"https:\/\/securitypatent.hu\/en\/#website\",\"url\":\"https:\/\/securitypatent.hu\/en\/\",\"name\":\"Patent Csoport | A biztons\u00e1g min\u0151s\u00e9ge!\",\"description\":\"The quality of security!\",\"publisher\":{\"@id\":\"https:\/\/securitypatent.hu\/en\/#organization\"},\"potentialAction\":[{\"@type\":\"SearchAction\",\"target\":{\"@type\":\"EntryPoint\",\"urlTemplate\":\"https:\/\/securitypatent.hu\/en\/?s={search_term_string}\"},\"query-input\":{\"@type\":\"PropertyValueSpecification\",\"valueRequired\":true,\"valueName\":\"search_term_string\"}}],\"inLanguage\":\"en-US\"},{\"@type\":\"Organization\",\"@id\":\"https:\/\/securitypatent.hu\/en\/#organization\",\"name\":\"Patent Csoport\",\"url\":\"https:\/\/securitypatent.hu\/en\/\",\"logo\":{\"@type\":\"ImageObject\",\"inLanguage\":\"en-US\",\"@id\":\"https:\/\/securitypatent.hu\/en\/#\/schema\/logo\/image\/\",\"url\":\"https:\/\/securitypatent.hu\/wp-content\/uploads\/2024\/05\/patent-logo-horizontal.svg\",\"contentUrl\":\"https:\/\/securitypatent.hu\/wp-content\/uploads\/2024\/05\/patent-logo-horizontal.svg\",\"caption\":\"Patent Csoport\"},\"image\":{\"@id\":\"https:\/\/securitypatent.hu\/en\/#\/schema\/logo\/image\/\"},\"sameAs\":[\"https:\/\/www.facebook.com\/patentbiztonsag\/\",\"https:\/\/www.instagram.com\/patentsecurity\/\",\"https:\/\/www.youtube.com\/channel\/UCP8q-KgqeNxwO4GKefQRfTg\"]}]}<\/script>\n<!-- \/ Yoast SEO Premium plugin. -->","yoast_head_json":{"title":"Introduction materials | Patent Csoport","robots":{"index":"index","follow":"follow","max-snippet":"max-snippet:-1","max-image-preview":"max-image-preview:large","max-video-preview":"max-video-preview:-1"},"canonical":"https:\/\/securitypatent.hu\/en\/our-introduction-materials\/","og_locale":"en_US","og_type":"article","og_title":"Introduction materials","og_description":"Manned security demonstration Remote monitoring demonstration","og_url":"https:\/\/securitypatent.hu\/en\/our-introduction-materials\/","og_site_name":"Patent Csoport","article_publisher":"https:\/\/www.facebook.com\/patentbiztonsag\/","article_modified_time":"2025-01-10T08:15:08+00:00","og_image":[{"width":1200,"height":336,"url":"https:\/\/securitypatent.hu\/wp-content\/uploads\/2024\/09\/blue-light-v3-1.png","type":"image\/png"}],"twitter_card":"summary_large_image","schema":{"@context":"https:\/\/schema.org","@graph":[{"@type":"WebPage","@id":"https:\/\/securitypatent.hu\/en\/our-introduction-materials\/","url":"https:\/\/securitypatent.hu\/en\/our-introduction-materials\/","name":"Introduction materials | Patent Csoport","isPartOf":{"@id":"https:\/\/securitypatent.hu\/en\/#website"},"datePublished":"2024-06-25T12:56:05+00:00","dateModified":"2025-01-10T08:15:08+00:00","breadcrumb":{"@id":"https:\/\/securitypatent.hu\/en\/our-introduction-materials\/#breadcrumb"},"inLanguage":"en-US","potentialAction":[{"@type":"ReadAction","target":["https:\/\/securitypatent.hu\/en\/our-introduction-materials\/"]}]},{"@type":"BreadcrumbList","@id":"https:\/\/securitypatent.hu\/en\/our-introduction-materials\/#breadcrumb","itemListElement":[{"@type":"ListItem","position":1,"name":"Kezd\u0151lap","item":"https:\/\/securitypatent.hu\/en\/"},{"@type":"ListItem","position":2,"name":"Introduction materials"}]},{"@type":"WebSite","@id":"https:\/\/securitypatent.hu\/en\/#website","url":"https:\/\/securitypatent.hu\/en\/","name":"Patent Csoport | A biztons\u00e1g min\u0151s\u00e9ge!","description":"The quality of security!","publisher":{"@id":"https:\/\/securitypatent.hu\/en\/#organization"},"potentialAction":[{"@type":"SearchAction","target":{"@type":"EntryPoint","urlTemplate":"https:\/\/securitypatent.hu\/en\/?s={search_term_string}"},"query-input":{"@type":"PropertyValueSpecification","valueRequired":true,"valueName":"search_term_string"}}],"inLanguage":"en-US"},{"@type":"Organization","@id":"https:\/\/securitypatent.hu\/en\/#organization","name":"Patent Csoport","url":"https:\/\/securitypatent.hu\/en\/","logo":{"@type":"ImageObject","inLanguage":"en-US","@id":"https:\/\/securitypatent.hu\/en\/#\/schema\/logo\/image\/","url":"https:\/\/securitypatent.hu\/wp-content\/uploads\/2024\/05\/patent-logo-horizontal.svg","contentUrl":"https:\/\/securitypatent.hu\/wp-content\/uploads\/2024\/05\/patent-logo-horizontal.svg","caption":"Patent Csoport"},"image":{"@id":"https:\/\/securitypatent.hu\/en\/#\/schema\/logo\/image\/"},"sameAs":["https:\/\/www.facebook.com\/patentbiztonsag\/","https:\/\/www.instagram.com\/patentsecurity\/","https:\/\/www.youtube.com\/channel\/UCP8q-KgqeNxwO4GKefQRfTg"]}]}},"_links":{"self":[{"href":"https:\/\/securitypatent.hu\/en\/wp-json\/wp\/v2\/pages\/6103","targetHints":{"allow":["GET"]}}],"collection":[{"href":"https:\/\/securitypatent.hu\/en\/wp-json\/wp\/v2\/pages"}],"about":[{"href":"https:\/\/securitypatent.hu\/en\/wp-json\/wp\/v2\/types\/page"}],"author":[{"embeddable":true,"href":"https:\/\/securitypatent.hu\/en\/wp-json\/wp\/v2\/users\/3"}],"replies":[{"embeddable":true,"href":"https:\/\/securitypatent.hu\/en\/wp-json\/wp\/v2\/comments?post=6103"}],"version-history":[{"count":0,"href":"https:\/\/securitypatent.hu\/en\/wp-json\/wp\/v2\/pages\/6103\/revisions"}],"wp:attachment":[{"href":"https:\/\/securitypatent.hu\/en\/wp-json\/wp\/v2\/media?parent=6103"}],"curies":[{"name":"wp","href":"https:\/\/api.w.org\/{rel}","templated":true}]}}